{"id":1543,"date":"2023-12-06T13:34:43","date_gmt":"2023-12-06T13:34:43","guid":{"rendered":"https:\/\/acquinoxadvisors.com\/?page_id=1543"},"modified":"2024-02-29T07:01:21","modified_gmt":"2024-02-29T07:01:21","slug":"beratung-im-bereich-private-equity","status":"publish","type":"page","link":"https:\/\/acquinoxadvisors.com\/de\/beratung-im-bereich-private-equity\/","title":{"rendered":"Beratung im Bereich Private Equity"},"content":{"rendered":"\n<div class=\"wp-block-cover is-light alignfull page-hero\" style=\"min-height:220px;aspect-ratio:unset;\"><span aria-hidden=\"true\" class=\"wp-block-cover__background has-background-dim-0 has-background-dim\"><\/span><img loading=\"lazy\" decoding=\"async\" width=\"1440\" height=\"810\" class=\"wp-block-cover__image-background wp-image-1502\" alt=\"Services-cover-image\" src=\"https:\/\/acquinoxadvisors.com\/wp-content\/uploads\/2023\/11\/Services-cover-1.webp\" data-object-fit=\"cover\" srcset=\"https:\/\/acquinoxadvisors.com\/wp-content\/uploads\/2023\/11\/Services-cover-1.webp 1440w, https:\/\/acquinoxadvisors.com\/wp-content\/uploads\/2023\/11\/Services-cover-1-397x224.webp 397w, https:\/\/acquinoxadvisors.com\/wp-content\/uploads\/2023\/11\/Services-cover-1-1024x576.webp 1024w, https:\/\/acquinoxadvisors.com\/wp-content\/uploads\/2023\/11\/Services-cover-1-768x432.webp 768w\" sizes=\"auto, (max-width: 1440px) 100vw, 1440px\" \/><div class=\"wp-block-cover__inner-container is-layout-flow wp-block-cover-is-layout-flow\">\n<div class=\"wp-block-columns container is-layout-flex wp-container-core-columns-is-layout-9d6595d7 wp-block-columns-is-layout-flex\">\n<div class=\"wp-block-column is-layout-flow wp-block-column-is-layout-flow\">\n<h1 class=\"wp-block-heading\">Beratung im Bereich Private Equity<\/h1>\n<\/div>\n<\/div>\n<\/div><\/div>\n\n<div id=\"tab_container\" class=\"wp-block-group tab-container is-layout-constrained wp-block-group-is-layout-constrained\">\n<div class=\"wp-block-columns tab-nav-wrap-wrap alignfull is-layout-flex wp-container-core-columns-is-layout-9d6595d7 wp-block-columns-is-layout-flex\">\n<div class=\"wp-block-column tab-nav-wrap container is-layout-flow wp-block-column-is-layout-flow\">\n<ul id=\"tab_nav\" class=\"tab-nav container wp-block-list\">\n<li><\/li>\n<\/ul>\n<\/div>\n<\/div>\n\n\n\n<div id=\"AdvisingPrivateEquity\" class=\"wp-block-group tab-content is-layout-constrained wp-block-group-is-layout-constrained\">\n<div class=\"wp-block-columns is-layout-flex wp-container-core-columns-is-layout-9d6595d7 wp-block-columns-is-layout-flex\">\n<div class=\"wp-block-column is-layout-flow wp-block-column-is-layout-flow\" style=\"flex-basis:33.33%\">\n<h3 class=\"wp-block-heading m-0\">Beratung im Bereich Private Equity<\/h3>\n<\/div>\n\n\n\n<div class=\"wp-block-column is-layout-flow wp-block-column-is-layout-flow\" style=\"flex-basis:58.33%\">\n<p>Wir bieten Private-Equity-Firmen fachkundige Beratungsdienste und begleiten sie durch den Investitionsprozess.<br\/><\/p>\n\n\n\n<p>We assist in deal sourcing, due diligence, negotiation, post-investment management and exit transactions, enabling our clients to make strategic investments with confidence. Our team&#8217;s deep understanding of the private equity landscape and extensive network of industry connections ensure that our clients gain access to high-quality investment opportunities and maximize their returns.<\/p>\n\n\n<div class=\"gtool-spacer\" style=\"height: 64px;\"><span class=\"gtool-spacer-mobile\" style=\"height: 32px;\"><\/span>\n<\/div>\n\n\n<figure class=\"wp-block-image size-full is-style-default service-img\"><img loading=\"lazy\" decoding=\"async\" width=\"819\" height=\"454\" src=\"https:\/\/acquinoxadvisors.com\/wp-content\/uploads\/2023\/07\/Advising-Private-Equity.webp\" alt=\"Advising-Private-Equity\" class=\"wp-image-602\" srcset=\"https:\/\/acquinoxadvisors.com\/wp-content\/uploads\/2023\/07\/Advising-Private-Equity.webp 819w, https:\/\/acquinoxadvisors.com\/wp-content\/uploads\/2023\/07\/Advising-Private-Equity-397x220.webp 397w, https:\/\/acquinoxadvisors.com\/wp-content\/uploads\/2023\/07\/Advising-Private-Equity-768x426.webp 768w\" sizes=\"auto, (max-width: 819px) 100vw, 819px\" \/><\/figure>\n\n\n<div class=\"gtool-spacer\" style=\"height: 64px;\"><span class=\"gtool-spacer-mobile\" style=\"height: 48px;\"><\/span>\n<\/div><\/div>\n<\/div>\n\n\n\n<div class=\"wp-block-columns is-layout-flex wp-container-core-columns-is-layout-9d6595d7 wp-block-columns-is-layout-flex\">\n<div class=\"wp-block-column is-layout-flow wp-block-column-is-layout-flow\" style=\"flex-basis:33.33%\">\n<h3 class=\"wp-block-heading\">Beratung im Bereich Private Equity Prozess<\/h3>\n<\/div>\n\n\n\n<div class=\"wp-block-column is-layout-flow wp-block-column-is-layout-flow\" style=\"flex-basis:58.33%\">\n<div class=\"wp-block-group process-item is-layout-constrained wp-block-group-is-layout-constrained\">\n<h5 class=\"wp-block-heading\">Deal Sourcing und Due Diligence<\/h5>\n\n\n\n<p>Unser Team f\u00fchrt eine umfassende Due-Diligence-Pr\u00fcfung durch, bei der die Finanzdaten, die Marktposition, das Wachstumspotenzial und die Wettbewerbslandschaft des Zielunternehmens analysiert werden. Wir bieten objektive Bewertungen der Rentabilit\u00e4t und der Risiken der Investition, damit Sie fundierte Investitionsentscheidungen treffen k\u00f6nnen.<\/p>\n<\/div>\n\n\n\n<div class=\"wp-block-group process-item is-layout-constrained wp-block-group-is-layout-constrained\">\n<h5 class=\"wp-block-heading\">Entwicklung einer Investitionsstrategie<\/h5>\n\n\n\n<p>Unser Team f\u00fchrt gr\u00fcndliche Marktforschung, Branchenanalysen und Wettbewerbsbenchmarking durch, um attraktive Investitionssektoren und neue Trends zu identifizieren. Wir helfen bei der Formulierung von Investitionsthesen, der Bewertung von Risiko-Ertrags-Profilen und der Bestimmung optimaler Ein- und Ausstiegsstrategien.<\/p>\n<\/div>\n\n\n\n<div class=\"wp-block-group process-item is-layout-constrained wp-block-group-is-layout-constrained\">\n<h5 class=\"wp-block-heading\">Wertsch\u00f6pfung und betriebliche Verbesserung<\/h5>\n\n\n\n<p>Unsere Experten f\u00fchren eine umfassende Bewertung der Gesch\u00e4ftst\u00e4tigkeit, der Finanzlage und der Marktposition des Portfoliounternehmens durch. Wir entwickeln und f\u00fchren strategische Initiativen zur Verbesserung der betrieblichen Effizienz, des Umsatzwachstums, der Kostenoptimierung und der allgemeinen Unternehmensleistung durch.<\/p>\n<\/div>\n\n\n\n<div class=\"wp-block-group process-item is-layout-constrained wp-block-group-is-layout-constrained\">\n<h5 class=\"wp-block-heading\">Ausstiegsplanung und -durchf\u00fchrung<\/h5>\n\n\n\n<p>Wir bieten Beratung und Unterst\u00fctzung w\u00e4hrend des gesamten Prozesses der Ausstiegsplanung und -durchf\u00fchrung. Unser Team hilft bei der Entwicklung von Ausstiegsstrategien, bereitet Unternehmen auf den Verkauf vor und ermittelt potenzielle K\u00e4ufer oder Ausstiegsm\u00f6glichkeiten. Wir nutzen unser umfangreiches Netzwerk an strategischen K\u00e4ufern, Finanzinvestoren und Branchenkontakten, um den Wert von Exits zu maximieren und erfolgreiche Transaktionen zu erm\u00f6glichen.<\/p>\n<\/div>\n\n\n\n<div class=\"wp-block-group process-item is-layout-constrained wp-block-group-is-layout-constrained\">\n<h5 class=\"wp-block-heading\">\u00dcberwachung der Portfolioleistung<\/h5>\n\n\n\n<p>Unser Team verfolgt wichtige Leistungsindikatoren, Finanzkennzahlen und Branchentrends, um die Leistung der Portfoliounternehmen zu bewerten. Wir bieten regelm\u00e4\u00dfige Updates und Einblicke, identifizieren potenzielle Risiken und Chancen und bieten strategische Empfehlungen zur Optimierung der Gesamtperformance des Portfolios.<\/p>\n<\/div>\n<\/div>\n<\/div>\n<\/div>\n<\/div>\n\n<div id=\"wp-block-themeisle-blocks-button-group-5ffa203b\" class=\"wp-block-themeisle-blocks-button-group wp-block-buttons align-center-desktop ticss-5ffa203b\">\n<div id=\"wp-block-themeisle-blocks-button-c4224be8\" class=\"wp-block-themeisle-blocks-button wp-block-button is-style-outline\"><a href=\"https:\/\/acquinoxadvisors.com\/due-diligence\/\" target=\"_self\" rel=\"noopener noreferrer\" class=\"wp-block-button__link\"><i class=\"fas fa-fw fa-chevron-left margin-right\"><\/i><span>06. Duo Diligence<\/span><\/a><\/div>\n\n\n\n<div id=\"wp-block-themeisle-blocks-button-fb90e0fa\" class=\"wp-block-themeisle-blocks-button wp-block-button is-style-outline\"><a href=\"https:\/\/acquinoxadvisors.com\/company-purchase\/\" target=\"_self\" rel=\"noopener noreferrer\" class=\"wp-block-button__link\"><span>01. Company Purchase<\/span><i class=\"fas fa-fw fa-chevron-right margin-left\"><\/i><\/a><\/div>\n<\/div>\n\n<div class=\"wp-block-group alignfull services-contact is-layout-constrained wp-block-group-is-layout-constrained\">\n<div class=\"wp-block-columns are-vertically-aligned-center is-layout-flex wp-container-core-columns-is-layout-9d6595d7 wp-block-columns-is-layout-flex\">\n<div class=\"wp-block-column is-vertically-aligned-center is-layout-flow wp-block-column-is-layout-flow\" style=\"flex-basis:41.66%\">\n<h2 class=\"wp-block-heading\">Setzen Sie sich huete mit uns in Verbindung <em>, um die Kaufanforderungen Ihres Unternehmens zu besprechen und sich auf eine transformative Wachstumsreise zu begeben.<\/em><\/h2>\n<\/div>\n\n\n\n<div class=\"wp-block-column is-vertically-aligned-center is-layout-flow wp-block-column-is-layout-flow\" style=\"flex-basis:58.33%\">\n<div class=\"wp-block-contact-form-7-contact-form-selector\">\n<div class=\"wpcf7 no-js\" id=\"wpcf7-f1073-o1\" lang=\"de-DE\" dir=\"ltr\" data-wpcf7-id=\"1073\">\n<div class=\"screen-reader-response\"><p role=\"status\" aria-live=\"polite\" aria-atomic=\"true\"><\/p> <ul><\/ul><\/div>\n<form action=\"\/de\/wp-json\/wp\/v2\/pages\/1543#wpcf7-f1073-o1\" method=\"post\" class=\"wpcf7-form init\" aria-label=\"Kontaktformular\" novalidate=\"novalidate\" data-status=\"init\">\n<fieldset class=\"hidden-fields-container\"><input type=\"hidden\" name=\"_wpcf7\" value=\"1073\" \/><input type=\"hidden\" name=\"_wpcf7_version\" value=\"6.1.3\" \/><input type=\"hidden\" name=\"_wpcf7_locale\" value=\"de_DE\" \/><input type=\"hidden\" name=\"_wpcf7_unit_tag\" value=\"wpcf7-f1073-o1\" \/><input type=\"hidden\" name=\"_wpcf7_container_post\" value=\"0\" \/><input type=\"hidden\" name=\"_wpcf7_posted_data_hash\" value=\"\" \/><input type=\"hidden\" name=\"_wpcf7_recaptcha_response\" value=\"\" \/>\n<\/fieldset>\n<div class=\"form-group\">\n  <span class=\"wpcf7-form-control-wrap\" data-name=\"your-name\"><input size=\"40\" maxlength=\"400\" class=\"wpcf7-form-control wpcf7-text wpcf7-validates-as-required form-control\" aria-required=\"true\" aria-invalid=\"false\" value=\"\" type=\"text\" name=\"your-name\" \/><\/span>\n  <label class=\"form-label\" for=\"your-name\">Ihr Name*<\/label>\n<\/div>\n\n<div class=\"form-group\">\n  <span class=\"wpcf7-form-control-wrap\" data-name=\"email\"><input size=\"40\" maxlength=\"400\" class=\"wpcf7-form-control wpcf7-email wpcf7-validates-as-required wpcf7-text wpcf7-validates-as-email form-control\" aria-required=\"true\" aria-invalid=\"false\" value=\"\" type=\"email\" name=\"email\" \/><\/span>\n  <label class=\"form-label\" for=\"email\">E-Mail*<\/label>\n<\/div>\n\n<div class=\"form-group\">\n  <span class=\"wpcf7-form-control-wrap\" data-name=\"phone\"><input size=\"40\" maxlength=\"400\" class=\"wpcf7-form-control wpcf7-text form-control\" aria-invalid=\"false\" value=\"\" type=\"text\" name=\"phone\" \/><\/span>\n  <label class=\"form-label\" for=\"phone\">Rufnummer<\/label>\n<\/div>\n\n<div class=\"form-group form-group--select\">\n  <span class=\"wpcf7-form-control-wrap\" data-name=\"services\"><select class=\"wpcf7-form-control wpcf7-select wpcf7-validates-as-required form-control\" id=\"servicesSelect\" aria-required=\"true\" aria-invalid=\"false\" name=\"services\"><option value=\"\">&#8211; Bitte ausw\u00e4hlen &#8211;<\/option><option value=\"\u2014Please choose an option\u2014\">\u2014Please choose an option\u2014<\/option><option value=\"Unternehmensverkauf\">Unternehmensverkauf<\/option><option value=\"Kapitalbeschaffung\">Kapitalbeschaffung<\/option><option value=\"Schuldenberatung\">Schuldenberatung<\/option><option value=\"Bewertung und Finanzmodellierung\">Bewertung und Finanzmodellierung<\/option><option value=\"Sorgf\u00e4ltige Pr\u00fcfung\">Sorgf\u00e4ltige Pr\u00fcfung<\/option><option value=\"Beratung im Bereich Private Equity\">Beratung im Bereich Private Equity<\/option><option value=\"Overige\">Overige<\/option><\/select><\/span>\n  <label class=\"form-label\" for=\"services\">Dienstleistungen*<\/label>\n<\/div>\n\n<div class=\"form-group\">\n  <span class=\"wpcf7-form-control-wrap\" data-name=\"question\"><textarea cols=\"40\" rows=\"10\" maxlength=\"2000\" class=\"wpcf7-form-control wpcf7-textarea form-control\" aria-invalid=\"false\" name=\"question\"><\/textarea><\/span>\n<label class=\"form-label\" for=\"question\">Beschreiben Sie Ihre Frage<\/label>\n<\/div>\n\n<div class=\"form-group\">\n<span class=\"wpcf7-form-control-wrap\" data-name=\"acceptance-473\"><span class=\"wpcf7-form-control wpcf7-acceptance\"><span class=\"wpcf7-list-item\"><label><input type=\"checkbox\" name=\"acceptance-473\" value=\"1\" aria-invalid=\"false\" \/><span class=\"wpcf7-list-item-label\">I agree with the <a href=\"https:\/\/acquinoxadvisors.com\/terms-and-conditions\/\" style=\"color:#253746;\">Terms and conditions<\/a><\/span><\/label><\/span><\/span><\/span>\n<\/div>\n\n<div class=\"submit-wrap\">\n  <input class=\"wpcf7-form-control wpcf7-submit has-spinner button-primary\" type=\"submit\" value=\"Schicken\" \/>\n<\/div><div class=\"wpcf7-response-output\" aria-hidden=\"true\"><\/div>\n<\/form>\n<\/div>\n<\/div>\n<\/div>\n<\/div>\n<\/div>\n","protected":false},"excerpt":{"rendered":"<p>Beratung im Bereich Private Equity Wir bieten Private-Equity-Firmen fachkundige Beratungsdienste und begleiten sie durch den Investitionsprozess. We assist&#8230;<\/p>\n","protected":false},"author":2,"featured_media":0,"parent":0,"menu_order":0,"comment_status":"closed","ping_status":"closed","template":"","meta":{"_acf_changed":false,"_themeisle_gutenberg_block_has_review":false,"footnotes":""},"class_list":["post-1543","page","type-page","status-publish","hentry"],"acf":[],"yoast_head":"<!-- This site is optimized with the Yoast SEO Premium plugin v26.3 (Yoast SEO v26.3) - https:\/\/yoast.com\/wordpress\/plugins\/seo\/ -->\n<title>Beratung im Bereich Private Equity - Acquinox<\/title>\n<meta name=\"description\" content=\"Entdecken Sie unsere umfassende Beratung im Bereich Private Equity. Erfahren Sie, wie wir Ihnen dabei helfen k\u00f6nnen, Ihre Ziele zu erreichen.\" \/>\n<meta name=\"robots\" content=\"index, follow, max-snippet:-1, max-image-preview:large, max-video-preview:-1\" \/>\n<link rel=\"canonical\" href=\"https:\/\/acquinoxadvisors.com\/de\/beratung-im-bereich-private-equity\/\" \/>\n<meta property=\"og:locale\" content=\"de_DE\" \/>\n<meta property=\"og:type\" content=\"article\" \/>\n<meta property=\"og:title\" content=\"Beratung im Bereich Private Equity\" \/>\n<meta property=\"og:description\" content=\"Entdecken Sie unsere umfassende Beratung im Bereich Private Equity. Erfahren Sie, wie wir Ihnen dabei helfen k\u00f6nnen, Ihre Ziele zu erreichen.\" \/>\n<meta property=\"og:url\" content=\"https:\/\/acquinoxadvisors.com\/de\/beratung-im-bereich-private-equity\/\" \/>\n<meta property=\"og:site_name\" content=\"Acquinox\" \/>\n<meta property=\"article:modified_time\" content=\"2024-02-29T07:01:21+00:00\" \/>\n<meta property=\"og:image\" content=\"https:\/\/acquinoxadvisors.com\/wp-content\/uploads\/2023\/11\/Services-cover-1.webp\" \/>\n<meta name=\"twitter:card\" content=\"summary_large_image\" \/>\n<meta name=\"twitter:label1\" content=\"Gesch\u00e4tzte Lesezeit\" \/>\n\t<meta name=\"twitter:data1\" content=\"2\u00a0Minuten\" \/>\n<script type=\"application\/ld+json\" class=\"yoast-schema-graph\">{\"@context\":\"https:\/\/schema.org\",\"@graph\":[{\"@type\":\"WebPage\",\"@id\":\"https:\/\/acquinoxadvisors.com\/de\/beratung-im-bereich-private-equity\/\",\"url\":\"https:\/\/acquinoxadvisors.com\/de\/beratung-im-bereich-private-equity\/\",\"name\":\"Beratung im Bereich Private Equity - Acquinox\",\"isPartOf\":{\"@id\":\"https:\/\/acquinoxadvisors.com\/de\/#website\"},\"primaryImageOfPage\":{\"@id\":\"https:\/\/acquinoxadvisors.com\/de\/beratung-im-bereich-private-equity\/#primaryimage\"},\"image\":{\"@id\":\"https:\/\/acquinoxadvisors.com\/de\/beratung-im-bereich-private-equity\/#primaryimage\"},\"thumbnailUrl\":\"https:\/\/acquinoxadvisors.com\/wp-content\/uploads\/2023\/11\/Services-cover-1.webp\",\"datePublished\":\"2023-12-06T13:34:43+00:00\",\"dateModified\":\"2024-02-29T07:01:21+00:00\",\"description\":\"Entdecken Sie unsere umfassende Beratung im Bereich Private Equity. Erfahren Sie, wie wir Ihnen dabei helfen k\u00f6nnen, Ihre Ziele zu erreichen.\",\"breadcrumb\":{\"@id\":\"https:\/\/acquinoxadvisors.com\/de\/beratung-im-bereich-private-equity\/#breadcrumb\"},\"inLanguage\":\"de\",\"potentialAction\":[{\"@type\":\"ReadAction\",\"target\":[\"https:\/\/acquinoxadvisors.com\/de\/beratung-im-bereich-private-equity\/\"]}]},{\"@type\":\"ImageObject\",\"inLanguage\":\"de\",\"@id\":\"https:\/\/acquinoxadvisors.com\/de\/beratung-im-bereich-private-equity\/#primaryimage\",\"url\":\"https:\/\/acquinoxadvisors.com\/wp-content\/uploads\/2023\/11\/Services-cover-1.webp\",\"contentUrl\":\"https:\/\/acquinoxadvisors.com\/wp-content\/uploads\/2023\/11\/Services-cover-1.webp\"},{\"@type\":\"BreadcrumbList\",\"@id\":\"https:\/\/acquinoxadvisors.com\/de\/beratung-im-bereich-private-equity\/#breadcrumb\",\"itemListElement\":[{\"@type\":\"ListItem\",\"position\":1,\"name\":\"Home\",\"item\":\"https:\/\/acquinoxadvisors.com\/de\/\"},{\"@type\":\"ListItem\",\"position\":2,\"name\":\"Beratung im Bereich Private Equity\"}]},{\"@type\":\"WebSite\",\"@id\":\"https:\/\/acquinoxadvisors.com\/de\/#website\",\"url\":\"https:\/\/acquinoxadvisors.com\/de\/\",\"name\":\"Acquinox Advisors\",\"description\":\"Empowering your growth with Acquinox Advisors\",\"publisher\":{\"@id\":\"https:\/\/acquinoxadvisors.com\/de\/#organization\"},\"potentialAction\":[{\"@type\":\"SearchAction\",\"target\":{\"@type\":\"EntryPoint\",\"urlTemplate\":\"https:\/\/acquinoxadvisors.com\/de\/?s={search_term_string}\"},\"query-input\":{\"@type\":\"PropertyValueSpecification\",\"valueRequired\":true,\"valueName\":\"search_term_string\"}}],\"inLanguage\":\"de\"},{\"@type\":\"Organization\",\"@id\":\"https:\/\/acquinoxadvisors.com\/de\/#organization\",\"name\":\"Acquinox Advisors AG\",\"url\":\"https:\/\/acquinoxadvisors.com\/de\/\",\"logo\":{\"@type\":\"ImageObject\",\"inLanguage\":\"de\",\"@id\":\"https:\/\/acquinoxadvisors.com\/de\/#\/schema\/logo\/image\/\",\"url\":\"https:\/\/acquinoxadvisors.com\/wp-content\/uploads\/2023\/06\/Acquinox-Logo-01-1-1.webp\",\"contentUrl\":\"https:\/\/acquinoxadvisors.com\/wp-content\/uploads\/2023\/06\/Acquinox-Logo-01-1-1.webp\",\"width\":706,\"height\":160,\"caption\":\"Acquinox Advisors AG\"},\"image\":{\"@id\":\"https:\/\/acquinoxadvisors.com\/de\/#\/schema\/logo\/image\/\"},\"sameAs\":[\"https:\/\/www.linkedin.com\/company\/acquinox\/\"]}]}<\/script>\n<!-- \/ Yoast SEO Premium plugin. -->","yoast_head_json":{"title":"Beratung im Bereich Private Equity - Acquinox","description":"Entdecken Sie unsere umfassende Beratung im Bereich Private Equity. Erfahren Sie, wie wir Ihnen dabei helfen k\u00f6nnen, Ihre Ziele zu erreichen.","robots":{"index":"index","follow":"follow","max-snippet":"max-snippet:-1","max-image-preview":"max-image-preview:large","max-video-preview":"max-video-preview:-1"},"canonical":"https:\/\/acquinoxadvisors.com\/de\/beratung-im-bereich-private-equity\/","og_locale":"de_DE","og_type":"article","og_title":"Beratung im Bereich Private Equity","og_description":"Entdecken Sie unsere umfassende Beratung im Bereich Private Equity. Erfahren Sie, wie wir Ihnen dabei helfen k\u00f6nnen, Ihre Ziele zu erreichen.","og_url":"https:\/\/acquinoxadvisors.com\/de\/beratung-im-bereich-private-equity\/","og_site_name":"Acquinox","article_modified_time":"2024-02-29T07:01:21+00:00","og_image":[{"url":"https:\/\/acquinoxadvisors.com\/wp-content\/uploads\/2023\/11\/Services-cover-1.webp","type":"","width":"","height":""}],"twitter_card":"summary_large_image","twitter_misc":{"Gesch\u00e4tzte Lesezeit":"2\u00a0Minuten"},"schema":{"@context":"https:\/\/schema.org","@graph":[{"@type":"WebPage","@id":"https:\/\/acquinoxadvisors.com\/de\/beratung-im-bereich-private-equity\/","url":"https:\/\/acquinoxadvisors.com\/de\/beratung-im-bereich-private-equity\/","name":"Beratung im Bereich Private Equity - Acquinox","isPartOf":{"@id":"https:\/\/acquinoxadvisors.com\/de\/#website"},"primaryImageOfPage":{"@id":"https:\/\/acquinoxadvisors.com\/de\/beratung-im-bereich-private-equity\/#primaryimage"},"image":{"@id":"https:\/\/acquinoxadvisors.com\/de\/beratung-im-bereich-private-equity\/#primaryimage"},"thumbnailUrl":"https:\/\/acquinoxadvisors.com\/wp-content\/uploads\/2023\/11\/Services-cover-1.webp","datePublished":"2023-12-06T13:34:43+00:00","dateModified":"2024-02-29T07:01:21+00:00","description":"Entdecken Sie unsere umfassende Beratung im Bereich Private Equity. Erfahren Sie, wie wir Ihnen dabei helfen k\u00f6nnen, Ihre Ziele zu erreichen.","breadcrumb":{"@id":"https:\/\/acquinoxadvisors.com\/de\/beratung-im-bereich-private-equity\/#breadcrumb"},"inLanguage":"de","potentialAction":[{"@type":"ReadAction","target":["https:\/\/acquinoxadvisors.com\/de\/beratung-im-bereich-private-equity\/"]}]},{"@type":"ImageObject","inLanguage":"de","@id":"https:\/\/acquinoxadvisors.com\/de\/beratung-im-bereich-private-equity\/#primaryimage","url":"https:\/\/acquinoxadvisors.com\/wp-content\/uploads\/2023\/11\/Services-cover-1.webp","contentUrl":"https:\/\/acquinoxadvisors.com\/wp-content\/uploads\/2023\/11\/Services-cover-1.webp"},{"@type":"BreadcrumbList","@id":"https:\/\/acquinoxadvisors.com\/de\/beratung-im-bereich-private-equity\/#breadcrumb","itemListElement":[{"@type":"ListItem","position":1,"name":"Home","item":"https:\/\/acquinoxadvisors.com\/de\/"},{"@type":"ListItem","position":2,"name":"Beratung im Bereich Private Equity"}]},{"@type":"WebSite","@id":"https:\/\/acquinoxadvisors.com\/de\/#website","url":"https:\/\/acquinoxadvisors.com\/de\/","name":"Acquinox Advisors","description":"Empowering your growth with Acquinox Advisors","publisher":{"@id":"https:\/\/acquinoxadvisors.com\/de\/#organization"},"potentialAction":[{"@type":"SearchAction","target":{"@type":"EntryPoint","urlTemplate":"https:\/\/acquinoxadvisors.com\/de\/?s={search_term_string}"},"query-input":{"@type":"PropertyValueSpecification","valueRequired":true,"valueName":"search_term_string"}}],"inLanguage":"de"},{"@type":"Organization","@id":"https:\/\/acquinoxadvisors.com\/de\/#organization","name":"Acquinox Advisors AG","url":"https:\/\/acquinoxadvisors.com\/de\/","logo":{"@type":"ImageObject","inLanguage":"de","@id":"https:\/\/acquinoxadvisors.com\/de\/#\/schema\/logo\/image\/","url":"https:\/\/acquinoxadvisors.com\/wp-content\/uploads\/2023\/06\/Acquinox-Logo-01-1-1.webp","contentUrl":"https:\/\/acquinoxadvisors.com\/wp-content\/uploads\/2023\/06\/Acquinox-Logo-01-1-1.webp","width":706,"height":160,"caption":"Acquinox Advisors AG"},"image":{"@id":"https:\/\/acquinoxadvisors.com\/de\/#\/schema\/logo\/image\/"},"sameAs":["https:\/\/www.linkedin.com\/company\/acquinox\/"]}]}},"_links":{"self":[{"href":"https:\/\/acquinoxadvisors.com\/de\/wp-json\/wp\/v2\/pages\/1543","targetHints":{"allow":["GET"]}}],"collection":[{"href":"https:\/\/acquinoxadvisors.com\/de\/wp-json\/wp\/v2\/pages"}],"about":[{"href":"https:\/\/acquinoxadvisors.com\/de\/wp-json\/wp\/v2\/types\/page"}],"author":[{"embeddable":true,"href":"https:\/\/acquinoxadvisors.com\/de\/wp-json\/wp\/v2\/users\/2"}],"replies":[{"embeddable":true,"href":"https:\/\/acquinoxadvisors.com\/de\/wp-json\/wp\/v2\/comments?post=1543"}],"version-history":[{"count":13,"href":"https:\/\/acquinoxadvisors.com\/de\/wp-json\/wp\/v2\/pages\/1543\/revisions"}],"predecessor-version":[{"id":1932,"href":"https:\/\/acquinoxadvisors.com\/de\/wp-json\/wp\/v2\/pages\/1543\/revisions\/1932"}],"wp:attachment":[{"href":"https:\/\/acquinoxadvisors.com\/de\/wp-json\/wp\/v2\/media?parent=1543"}],"curies":[{"name":"wp","href":"https:\/\/api.w.org\/{rel}","templated":true}]}}