{"id":1535,"date":"2023-12-06T13:42:04","date_gmt":"2023-12-06T13:42:04","guid":{"rendered":"https:\/\/acquinoxadvisors.com\/?page_id=1535"},"modified":"2024-02-29T07:01:17","modified_gmt":"2024-02-29T07:01:17","slug":"bewertung-und-finanzmodellierung","status":"publish","type":"page","link":"https:\/\/acquinoxadvisors.com\/de\/bewertung-und-finanzmodellierung\/","title":{"rendered":"Bewertung und Finanzmodellierung"},"content":{"rendered":"\n<div class=\"wp-block-cover is-light alignfull page-hero\" style=\"min-height:220px;aspect-ratio:unset;\"><span aria-hidden=\"true\" class=\"wp-block-cover__background has-background-dim-0 has-background-dim\"><\/span><img loading=\"lazy\" decoding=\"async\" width=\"1440\" height=\"810\" class=\"wp-block-cover__image-background wp-image-1502\" alt=\"Services-cover-image\" src=\"https:\/\/acquinoxadvisors.com\/wp-content\/uploads\/2023\/11\/Services-cover-1.webp\" data-object-fit=\"cover\" srcset=\"https:\/\/acquinoxadvisors.com\/wp-content\/uploads\/2023\/11\/Services-cover-1.webp 1440w, https:\/\/acquinoxadvisors.com\/wp-content\/uploads\/2023\/11\/Services-cover-1-397x224.webp 397w, https:\/\/acquinoxadvisors.com\/wp-content\/uploads\/2023\/11\/Services-cover-1-1024x576.webp 1024w, https:\/\/acquinoxadvisors.com\/wp-content\/uploads\/2023\/11\/Services-cover-1-768x432.webp 768w\" sizes=\"auto, (max-width: 1440px) 100vw, 1440px\" \/><div class=\"wp-block-cover__inner-container is-layout-flow wp-block-cover-is-layout-flow\">\n<div class=\"wp-block-columns container is-layout-flex wp-container-core-columns-is-layout-9d6595d7 wp-block-columns-is-layout-flex\">\n<div class=\"wp-block-column is-layout-flow wp-block-column-is-layout-flow\">\n<h1 class=\"wp-block-heading\">Bewertung und Finanzmodellierung<\/h1>\n<\/div>\n<\/div>\n<\/div><\/div>\n\n<div id=\"tab_container\" class=\"wp-block-group tab-container is-layout-constrained wp-block-group-is-layout-constrained\">\n<div class=\"wp-block-columns tab-nav-wrap-wrap alignfull is-layout-flex wp-container-core-columns-is-layout-9d6595d7 wp-block-columns-is-layout-flex\">\n<div class=\"wp-block-column tab-nav-wrap container is-layout-flow wp-block-column-is-layout-flow\">\n<ul id=\"tab_nav\" class=\"tab-nav container wp-block-list\">\n<li><\/li>\n<\/ul>\n<\/div>\n<\/div>\n\n\n\n<div id=\"Valuation-FinancialModeling\" class=\"wp-block-group tab-content is-layout-constrained wp-block-group-is-layout-constrained\">\n<div class=\"wp-block-columns is-layout-flex wp-container-core-columns-is-layout-9d6595d7 wp-block-columns-is-layout-flex\">\n<div class=\"wp-block-column is-layout-flow wp-block-column-is-layout-flow\" style=\"flex-basis:33.33%\">\n<h3 class=\"wp-block-heading m-0\">Bewertung und Finanzmodellierung<\/h3>\n<\/div>\n\n\n\n<div class=\"wp-block-column is-layout-flow wp-block-column-is-layout-flow\" style=\"flex-basis:58.33%\">\n<p>Wir sind uns der entscheidenden Rolle bewusst, die eine genaue Finanzanalyse und eine solide Modellierung bei der Erleichterung einer fundierten Entscheidungsfindung und strategischen Planung spielen.<br\/><\/p>\n\n\n\n<p>Mit unserem Fachwissen, unseren Branchenkenntnissen und unseren hochmodernen Tools bieten wir Ihnen ma\u00dfgeschneiderte L\u00f6sungen, die Ihnen wertvolle Einblicke in den Wert Ihres Unternehmens und Ihre Finanzprognosen geben. Entdecken Sie das transformative Potenzial einer Partnerschaft mit uns, wenn wir Sie in die Lage versetzen, solide finanzielle Entscheidungen zu treffen und Ihr Unternehmen zu nachhaltigem Wachstum und Wohlstand zu f\u00fchren.<\/p>\n\n\n<div class=\"gtool-spacer\" style=\"height: 64px;\"><span class=\"gtool-spacer-mobile\" style=\"height: 32px;\"><\/span>\n<\/div>\n\n\n<figure class=\"wp-block-image size-full is-style-default service-img\"><img loading=\"lazy\" decoding=\"async\" width=\"819\" height=\"454\" src=\"https:\/\/acquinoxadvisors.com\/wp-content\/uploads\/2023\/07\/Valuation-Financial-Modeling.webp\" alt=\"Valuation-Financial-Modeling\" class=\"wp-image-594\" srcset=\"https:\/\/acquinoxadvisors.com\/wp-content\/uploads\/2023\/07\/Valuation-Financial-Modeling.webp 819w, https:\/\/acquinoxadvisors.com\/wp-content\/uploads\/2023\/07\/Valuation-Financial-Modeling-397x220.webp 397w, https:\/\/acquinoxadvisors.com\/wp-content\/uploads\/2023\/07\/Valuation-Financial-Modeling-768x426.webp 768w\" sizes=\"auto, (max-width: 819px) 100vw, 819px\" \/><\/figure>\n\n\n<div class=\"gtool-spacer\" style=\"height: 64px;\"><span class=\"gtool-spacer-mobile\" style=\"height: 48px;\"><\/span>\n<\/div><\/div>\n<\/div>\n\n\n\n<div class=\"wp-block-columns is-layout-flex wp-container-core-columns-is-layout-9d6595d7 wp-block-columns-is-layout-flex\">\n<div class=\"wp-block-column is-layout-flow wp-block-column-is-layout-flow\" style=\"flex-basis:33.33%\">\n<h3 class=\"wp-block-heading\">Bewertungs- und Finanzmodellierungsprozess<\/h3>\n<\/div>\n\n\n\n<div class=\"wp-block-column is-layout-flow wp-block-column-is-layout-flow\" style=\"flex-basis:58.33%\">\n<div class=\"wp-block-group process-item is-layout-constrained wp-block-group-is-layout-constrained\">\n<h5 class=\"wp-block-heading\">Bewertungsanalyse<\/h5>\n\n\n\n<p>Wir setzen eine Vielzahl bew\u00e4hrter Bewertungsmethoden ein, darunter Discounted Cash Flow (DCF), die Analyse vergleichbarer Unternehmen und die anlagenbezogene Bewertung. Unter Ber\u00fccksichtigung von Branchentrends, Marktbedingungen und Wachstumsaussichten erstellen wir eine umfassende Bewertung, die es Ihnen erm\u00f6glicht, den Wert Ihres Unternehmens zu ermitteln.<\/p>\n<\/div>\n\n\n\n<div class=\"wp-block-group process-item is-layout-constrained wp-block-group-is-layout-constrained\">\n<h5 class=\"wp-block-heading\">Finanzielle Vorausschau und Projektionen<\/h5>\n\n\n\n<p>Wir unterst\u00fctzen Sie bei der Entwicklung solider Finanzmodelle und -prognosen, die einen klaren \u00dcberblick \u00fcber die k\u00fcnftige Leistung Ihres Unternehmens geben. Unsere Experten analysieren historische Finanzdaten, Marktdynamik und wichtige Leistungsindikatoren, um genaue Finanzprognosen zu erstellen. Diese Modelle sind ein wertvolles Instrument f\u00fcr die strategische Planung, f\u00fcr Entscheidungen \u00fcber die Kapitalzuweisung und f\u00fcr Initiativen zur Unternehmensexpansion.<\/p>\n<\/div>\n\n\n\n<div class=\"wp-block-group process-item is-layout-constrained wp-block-group-is-layout-constrained\">\n<h5 class=\"wp-block-heading\">Szenarioanalyse und Sensitivit\u00e4tspr\u00fcfung<\/h5>\n\n\n\n<p>Unter Ber\u00fccksichtigung verschiedener Marktbedingungen, Wachstumsraten und strategischer Optionen helfen wir Ihnen bei der Bewertung der potenziellen Ergebnisse und Risiken, die mit verschiedenen Vorgehensweisen verbunden sind. Auf diese Weise k\u00f6nnen Sie fundierte Entscheidungen treffen und haben ein umfassendes Verst\u00e4ndnis der m\u00f6glichen Folgen.<\/p>\n<\/div>\n\n\n\n<div class=\"wp-block-group process-item is-layout-constrained wp-block-group-is-layout-constrained\">\n<h5 class=\"wp-block-heading\">Transaktionsunterst\u00fctzung<\/h5>\n\n\n\n<p>Wir liefern genaue Bewertungsgutachten, die bei Verhandlungen, der Strukturierung von Gesch\u00e4ften und der Maximierung des Wertes f\u00fcr alle beteiligten Parteien helfen. Unsere detaillierten Finanzmodelle bieten Einblicke in die finanziellen Auswirkungen der Transaktion und erm\u00f6glichen es Ihnen, die potenziellen Synergien und Risiken zu bewerten.<\/p>\n<\/div>\n\n\n\n<div class=\"wp-block-group process-item is-layout-constrained wp-block-group-is-layout-constrained\">\n<h5 class=\"wp-block-heading\">Due-Diligence-Pr\u00fcfung und Investorenpr\u00e4sentationen<\/h5>\n\n\n\n<p>Unser Team unterst\u00fctzt Sie bei der Erstellung von Investorenpr\u00e4sentationen und Informationsmemoranden, die das Wertversprechen und das Wachstumspotenzial Ihres Unternehmens effektiv vermitteln. Diese Materialien helfen dabei, Investoren zu gewinnen, Finanzierungen zu sichern und erfolgreiche Transaktionen zu erleichtern.<\/p>\n<\/div>\n<\/div>\n<\/div>\n<\/div>\n<\/div>\n\n<div id=\"wp-block-themeisle-blocks-button-group-efcd7fdd\" class=\"wp-block-themeisle-blocks-button-group wp-block-buttons align-center-desktop ticss-efcd7fdd\">\n<div id=\"wp-block-themeisle-blocks-button-97971d44\" class=\"wp-block-themeisle-blocks-button wp-block-button is-style-outline\"><a href=\"https:\/\/acquinoxadvisors.com\/debt-advisory\/\" target=\"_self\" rel=\"noopener noreferrer\" class=\"wp-block-button__link\"><i class=\"fas fa-fw fa-chevron-left margin-right\"><\/i><span>04. Debt Advisory<\/span><\/a><\/div>\n\n\n\n<div id=\"wp-block-themeisle-blocks-button-4ca0b082\" class=\"wp-block-themeisle-blocks-button wp-block-button is-style-outline\"><a href=\"https:\/\/acquinoxadvisors.com\/due-diligence\/\" target=\"_self\" rel=\"noopener noreferrer\" class=\"wp-block-button__link\"><span>06. Due Diligence<\/span><i class=\"fas fa-fw fa-chevron-right margin-left\"><\/i><\/a><\/div>\n<\/div>\n\n<div class=\"wp-block-group alignfull services-contact is-layout-constrained wp-block-group-is-layout-constrained\">\n<div class=\"wp-block-columns are-vertically-aligned-center is-layout-flex wp-container-core-columns-is-layout-9d6595d7 wp-block-columns-is-layout-flex\">\n<div class=\"wp-block-column is-vertically-aligned-center is-layout-flow wp-block-column-is-layout-flow\" style=\"flex-basis:41.66%\">\n<h2 class=\"wp-block-heading\">Setzen Sie sich huete mit uns in Verbindung <em>, um die Kaufanforderungen Ihres Unternehmens zu besprechen und sich auf eine transformative Wachstumsreise zu begeben.<\/em><\/h2>\n<\/div>\n\n\n\n<div class=\"wp-block-column is-vertically-aligned-center is-layout-flow wp-block-column-is-layout-flow\" style=\"flex-basis:58.33%\">\n<div class=\"wp-block-contact-form-7-contact-form-selector\">\n<div class=\"wpcf7 no-js\" id=\"wpcf7-f1073-o1\" lang=\"de-DE\" dir=\"ltr\" data-wpcf7-id=\"1073\">\n<div class=\"screen-reader-response\"><p role=\"status\" aria-live=\"polite\" aria-atomic=\"true\"><\/p> <ul><\/ul><\/div>\n<form action=\"\/de\/wp-json\/wp\/v2\/pages\/1535#wpcf7-f1073-o1\" method=\"post\" class=\"wpcf7-form init\" aria-label=\"Kontaktformular\" novalidate=\"novalidate\" data-status=\"init\">\n<fieldset class=\"hidden-fields-container\"><input type=\"hidden\" name=\"_wpcf7\" value=\"1073\" \/><input type=\"hidden\" name=\"_wpcf7_version\" value=\"6.1.3\" \/><input type=\"hidden\" name=\"_wpcf7_locale\" value=\"de_DE\" \/><input type=\"hidden\" name=\"_wpcf7_unit_tag\" value=\"wpcf7-f1073-o1\" \/><input type=\"hidden\" name=\"_wpcf7_container_post\" value=\"0\" \/><input type=\"hidden\" name=\"_wpcf7_posted_data_hash\" value=\"\" \/><input type=\"hidden\" name=\"_wpcf7_recaptcha_response\" value=\"\" \/>\n<\/fieldset>\n<div class=\"form-group\">\n  <span class=\"wpcf7-form-control-wrap\" data-name=\"your-name\"><input size=\"40\" maxlength=\"400\" class=\"wpcf7-form-control wpcf7-text wpcf7-validates-as-required form-control\" aria-required=\"true\" aria-invalid=\"false\" value=\"\" type=\"text\" name=\"your-name\" \/><\/span>\n  <label class=\"form-label\" for=\"your-name\">Ihr Name*<\/label>\n<\/div>\n\n<div class=\"form-group\">\n  <span class=\"wpcf7-form-control-wrap\" data-name=\"email\"><input size=\"40\" maxlength=\"400\" class=\"wpcf7-form-control wpcf7-email wpcf7-validates-as-required wpcf7-text wpcf7-validates-as-email form-control\" aria-required=\"true\" aria-invalid=\"false\" value=\"\" type=\"email\" name=\"email\" \/><\/span>\n  <label class=\"form-label\" for=\"email\">E-Mail*<\/label>\n<\/div>\n\n<div class=\"form-group\">\n  <span class=\"wpcf7-form-control-wrap\" data-name=\"phone\"><input size=\"40\" maxlength=\"400\" class=\"wpcf7-form-control wpcf7-text form-control\" aria-invalid=\"false\" value=\"\" type=\"text\" name=\"phone\" \/><\/span>\n  <label class=\"form-label\" for=\"phone\">Rufnummer<\/label>\n<\/div>\n\n<div class=\"form-group form-group--select\">\n  <span class=\"wpcf7-form-control-wrap\" data-name=\"services\"><select class=\"wpcf7-form-control wpcf7-select wpcf7-validates-as-required form-control\" id=\"servicesSelect\" aria-required=\"true\" aria-invalid=\"false\" name=\"services\"><option value=\"\">&#8211; Bitte ausw\u00e4hlen &#8211;<\/option><option value=\"\u2014Please choose an option\u2014\">\u2014Please choose an option\u2014<\/option><option value=\"Unternehmensverkauf\">Unternehmensverkauf<\/option><option value=\"Kapitalbeschaffung\">Kapitalbeschaffung<\/option><option value=\"Schuldenberatung\">Schuldenberatung<\/option><option value=\"Bewertung und Finanzmodellierung\">Bewertung und Finanzmodellierung<\/option><option value=\"Sorgf\u00e4ltige Pr\u00fcfung\">Sorgf\u00e4ltige Pr\u00fcfung<\/option><option value=\"Beratung im Bereich Private Equity\">Beratung im Bereich Private Equity<\/option><option value=\"Overige\">Overige<\/option><\/select><\/span>\n  <label class=\"form-label\" for=\"services\">Dienstleistungen*<\/label>\n<\/div>\n\n<div class=\"form-group\">\n  <span class=\"wpcf7-form-control-wrap\" data-name=\"question\"><textarea cols=\"40\" rows=\"10\" maxlength=\"2000\" class=\"wpcf7-form-control wpcf7-textarea form-control\" aria-invalid=\"false\" name=\"question\"><\/textarea><\/span>\n<label class=\"form-label\" for=\"question\">Beschreiben Sie Ihre Frage<\/label>\n<\/div>\n\n<div class=\"form-group\">\n<span class=\"wpcf7-form-control-wrap\" data-name=\"acceptance-473\"><span class=\"wpcf7-form-control wpcf7-acceptance\"><span class=\"wpcf7-list-item\"><label><input type=\"checkbox\" name=\"acceptance-473\" value=\"1\" aria-invalid=\"false\" \/><span class=\"wpcf7-list-item-label\">I agree with the <a href=\"https:\/\/acquinoxadvisors.com\/terms-and-conditions\/\" style=\"color:#253746;\">Terms and conditions<\/a><\/span><\/label><\/span><\/span><\/span>\n<\/div>\n\n<div class=\"submit-wrap\">\n  <input class=\"wpcf7-form-control wpcf7-submit has-spinner button-primary\" type=\"submit\" value=\"Schicken\" \/>\n<\/div><div class=\"wpcf7-response-output\" aria-hidden=\"true\"><\/div>\n<\/form>\n<\/div>\n<\/div>\n<\/div>\n<\/div>\n<\/div>\n","protected":false},"excerpt":{"rendered":"<p>Bewertung und Finanzmodellierung Wir sind uns der entscheidenden Rolle bewusst, die eine genaue Finanzanalyse und eine solide Modellierung&#8230;<\/p>\n","protected":false},"author":2,"featured_media":0,"parent":0,"menu_order":0,"comment_status":"closed","ping_status":"closed","template":"","meta":{"_acf_changed":false,"_themeisle_gutenberg_block_has_review":false,"footnotes":""},"class_list":["post-1535","page","type-page","status-publish","hentry"],"acf":[],"yoast_head":"<!-- This site is optimized with the Yoast SEO Premium plugin v26.3 (Yoast SEO v26.3) - https:\/\/yoast.com\/wordpress\/plugins\/seo\/ -->\n<title>Bewertung und Finanzmodellierung - Acquinox<\/title>\n<meta name=\"description\" content=\"Entdecken Sie unsere Expertise in Bewertung und Finanzmodellierung. Erfahren Sie mehr \u00fcber unsere Dienstleistungen und ma\u00dfgeschneiderten L\u00f6sungen.\" \/>\n<meta name=\"robots\" content=\"index, follow, max-snippet:-1, max-image-preview:large, max-video-preview:-1\" \/>\n<link rel=\"canonical\" href=\"https:\/\/acquinoxadvisors.com\/de\/bewertung-und-finanzmodellierung\/\" \/>\n<meta property=\"og:locale\" content=\"de_DE\" \/>\n<meta property=\"og:type\" content=\"article\" \/>\n<meta property=\"og:title\" content=\"Bewertung und Finanzmodellierung\" \/>\n<meta property=\"og:description\" content=\"Entdecken Sie unsere Expertise in Bewertung und Finanzmodellierung. Erfahren Sie mehr \u00fcber unsere Dienstleistungen und ma\u00dfgeschneiderten L\u00f6sungen.\" \/>\n<meta property=\"og:url\" content=\"https:\/\/acquinoxadvisors.com\/de\/bewertung-und-finanzmodellierung\/\" \/>\n<meta property=\"og:site_name\" content=\"Acquinox\" \/>\n<meta property=\"article:modified_time\" content=\"2024-02-29T07:01:17+00:00\" \/>\n<meta property=\"og:image\" content=\"https:\/\/acquinoxadvisors.com\/wp-content\/uploads\/2023\/11\/Services-cover-1.webp\" \/>\n<meta name=\"twitter:card\" content=\"summary_large_image\" \/>\n<meta name=\"twitter:label1\" content=\"Gesch\u00e4tzte Lesezeit\" \/>\n\t<meta name=\"twitter:data1\" content=\"2\u00a0Minuten\" \/>\n<script type=\"application\/ld+json\" class=\"yoast-schema-graph\">{\"@context\":\"https:\/\/schema.org\",\"@graph\":[{\"@type\":\"WebPage\",\"@id\":\"https:\/\/acquinoxadvisors.com\/de\/bewertung-und-finanzmodellierung\/\",\"url\":\"https:\/\/acquinoxadvisors.com\/de\/bewertung-und-finanzmodellierung\/\",\"name\":\"Bewertung und Finanzmodellierung - Acquinox\",\"isPartOf\":{\"@id\":\"https:\/\/acquinoxadvisors.com\/de\/#website\"},\"primaryImageOfPage\":{\"@id\":\"https:\/\/acquinoxadvisors.com\/de\/bewertung-und-finanzmodellierung\/#primaryimage\"},\"image\":{\"@id\":\"https:\/\/acquinoxadvisors.com\/de\/bewertung-und-finanzmodellierung\/#primaryimage\"},\"thumbnailUrl\":\"https:\/\/acquinoxadvisors.com\/wp-content\/uploads\/2023\/11\/Services-cover-1.webp\",\"datePublished\":\"2023-12-06T13:42:04+00:00\",\"dateModified\":\"2024-02-29T07:01:17+00:00\",\"description\":\"Entdecken Sie unsere Expertise in Bewertung und Finanzmodellierung. Erfahren Sie mehr \u00fcber unsere Dienstleistungen und ma\u00dfgeschneiderten L\u00f6sungen.\",\"breadcrumb\":{\"@id\":\"https:\/\/acquinoxadvisors.com\/de\/bewertung-und-finanzmodellierung\/#breadcrumb\"},\"inLanguage\":\"de\",\"potentialAction\":[{\"@type\":\"ReadAction\",\"target\":[\"https:\/\/acquinoxadvisors.com\/de\/bewertung-und-finanzmodellierung\/\"]}]},{\"@type\":\"ImageObject\",\"inLanguage\":\"de\",\"@id\":\"https:\/\/acquinoxadvisors.com\/de\/bewertung-und-finanzmodellierung\/#primaryimage\",\"url\":\"https:\/\/acquinoxadvisors.com\/wp-content\/uploads\/2023\/11\/Services-cover-1.webp\",\"contentUrl\":\"https:\/\/acquinoxadvisors.com\/wp-content\/uploads\/2023\/11\/Services-cover-1.webp\"},{\"@type\":\"BreadcrumbList\",\"@id\":\"https:\/\/acquinoxadvisors.com\/de\/bewertung-und-finanzmodellierung\/#breadcrumb\",\"itemListElement\":[{\"@type\":\"ListItem\",\"position\":1,\"name\":\"Home\",\"item\":\"https:\/\/acquinoxadvisors.com\/de\/\"},{\"@type\":\"ListItem\",\"position\":2,\"name\":\"Bewertung und Finanzmodellierung\"}]},{\"@type\":\"WebSite\",\"@id\":\"https:\/\/acquinoxadvisors.com\/de\/#website\",\"url\":\"https:\/\/acquinoxadvisors.com\/de\/\",\"name\":\"Acquinox Advisors\",\"description\":\"Empowering your growth with Acquinox Advisors\",\"publisher\":{\"@id\":\"https:\/\/acquinoxadvisors.com\/de\/#organization\"},\"potentialAction\":[{\"@type\":\"SearchAction\",\"target\":{\"@type\":\"EntryPoint\",\"urlTemplate\":\"https:\/\/acquinoxadvisors.com\/de\/?s={search_term_string}\"},\"query-input\":{\"@type\":\"PropertyValueSpecification\",\"valueRequired\":true,\"valueName\":\"search_term_string\"}}],\"inLanguage\":\"de\"},{\"@type\":\"Organization\",\"@id\":\"https:\/\/acquinoxadvisors.com\/de\/#organization\",\"name\":\"Acquinox Advisors AG\",\"url\":\"https:\/\/acquinoxadvisors.com\/de\/\",\"logo\":{\"@type\":\"ImageObject\",\"inLanguage\":\"de\",\"@id\":\"https:\/\/acquinoxadvisors.com\/de\/#\/schema\/logo\/image\/\",\"url\":\"https:\/\/acquinoxadvisors.com\/wp-content\/uploads\/2023\/06\/Acquinox-Logo-01-1-1.webp\",\"contentUrl\":\"https:\/\/acquinoxadvisors.com\/wp-content\/uploads\/2023\/06\/Acquinox-Logo-01-1-1.webp\",\"width\":706,\"height\":160,\"caption\":\"Acquinox Advisors AG\"},\"image\":{\"@id\":\"https:\/\/acquinoxadvisors.com\/de\/#\/schema\/logo\/image\/\"},\"sameAs\":[\"https:\/\/www.linkedin.com\/company\/acquinox\/\"]}]}<\/script>\n<!-- \/ Yoast SEO Premium plugin. -->","yoast_head_json":{"title":"Bewertung und Finanzmodellierung - Acquinox","description":"Entdecken Sie unsere Expertise in Bewertung und Finanzmodellierung. Erfahren Sie mehr \u00fcber unsere Dienstleistungen und ma\u00dfgeschneiderten L\u00f6sungen.","robots":{"index":"index","follow":"follow","max-snippet":"max-snippet:-1","max-image-preview":"max-image-preview:large","max-video-preview":"max-video-preview:-1"},"canonical":"https:\/\/acquinoxadvisors.com\/de\/bewertung-und-finanzmodellierung\/","og_locale":"de_DE","og_type":"article","og_title":"Bewertung und Finanzmodellierung","og_description":"Entdecken Sie unsere Expertise in Bewertung und Finanzmodellierung. Erfahren Sie mehr \u00fcber unsere Dienstleistungen und ma\u00dfgeschneiderten L\u00f6sungen.","og_url":"https:\/\/acquinoxadvisors.com\/de\/bewertung-und-finanzmodellierung\/","og_site_name":"Acquinox","article_modified_time":"2024-02-29T07:01:17+00:00","og_image":[{"url":"https:\/\/acquinoxadvisors.com\/wp-content\/uploads\/2023\/11\/Services-cover-1.webp","type":"","width":"","height":""}],"twitter_card":"summary_large_image","twitter_misc":{"Gesch\u00e4tzte Lesezeit":"2\u00a0Minuten"},"schema":{"@context":"https:\/\/schema.org","@graph":[{"@type":"WebPage","@id":"https:\/\/acquinoxadvisors.com\/de\/bewertung-und-finanzmodellierung\/","url":"https:\/\/acquinoxadvisors.com\/de\/bewertung-und-finanzmodellierung\/","name":"Bewertung und Finanzmodellierung - Acquinox","isPartOf":{"@id":"https:\/\/acquinoxadvisors.com\/de\/#website"},"primaryImageOfPage":{"@id":"https:\/\/acquinoxadvisors.com\/de\/bewertung-und-finanzmodellierung\/#primaryimage"},"image":{"@id":"https:\/\/acquinoxadvisors.com\/de\/bewertung-und-finanzmodellierung\/#primaryimage"},"thumbnailUrl":"https:\/\/acquinoxadvisors.com\/wp-content\/uploads\/2023\/11\/Services-cover-1.webp","datePublished":"2023-12-06T13:42:04+00:00","dateModified":"2024-02-29T07:01:17+00:00","description":"Entdecken Sie unsere Expertise in Bewertung und Finanzmodellierung. Erfahren Sie mehr \u00fcber unsere Dienstleistungen und ma\u00dfgeschneiderten L\u00f6sungen.","breadcrumb":{"@id":"https:\/\/acquinoxadvisors.com\/de\/bewertung-und-finanzmodellierung\/#breadcrumb"},"inLanguage":"de","potentialAction":[{"@type":"ReadAction","target":["https:\/\/acquinoxadvisors.com\/de\/bewertung-und-finanzmodellierung\/"]}]},{"@type":"ImageObject","inLanguage":"de","@id":"https:\/\/acquinoxadvisors.com\/de\/bewertung-und-finanzmodellierung\/#primaryimage","url":"https:\/\/acquinoxadvisors.com\/wp-content\/uploads\/2023\/11\/Services-cover-1.webp","contentUrl":"https:\/\/acquinoxadvisors.com\/wp-content\/uploads\/2023\/11\/Services-cover-1.webp"},{"@type":"BreadcrumbList","@id":"https:\/\/acquinoxadvisors.com\/de\/bewertung-und-finanzmodellierung\/#breadcrumb","itemListElement":[{"@type":"ListItem","position":1,"name":"Home","item":"https:\/\/acquinoxadvisors.com\/de\/"},{"@type":"ListItem","position":2,"name":"Bewertung und Finanzmodellierung"}]},{"@type":"WebSite","@id":"https:\/\/acquinoxadvisors.com\/de\/#website","url":"https:\/\/acquinoxadvisors.com\/de\/","name":"Acquinox Advisors","description":"Empowering your growth with Acquinox Advisors","publisher":{"@id":"https:\/\/acquinoxadvisors.com\/de\/#organization"},"potentialAction":[{"@type":"SearchAction","target":{"@type":"EntryPoint","urlTemplate":"https:\/\/acquinoxadvisors.com\/de\/?s={search_term_string}"},"query-input":{"@type":"PropertyValueSpecification","valueRequired":true,"valueName":"search_term_string"}}],"inLanguage":"de"},{"@type":"Organization","@id":"https:\/\/acquinoxadvisors.com\/de\/#organization","name":"Acquinox Advisors AG","url":"https:\/\/acquinoxadvisors.com\/de\/","logo":{"@type":"ImageObject","inLanguage":"de","@id":"https:\/\/acquinoxadvisors.com\/de\/#\/schema\/logo\/image\/","url":"https:\/\/acquinoxadvisors.com\/wp-content\/uploads\/2023\/06\/Acquinox-Logo-01-1-1.webp","contentUrl":"https:\/\/acquinoxadvisors.com\/wp-content\/uploads\/2023\/06\/Acquinox-Logo-01-1-1.webp","width":706,"height":160,"caption":"Acquinox Advisors AG"},"image":{"@id":"https:\/\/acquinoxadvisors.com\/de\/#\/schema\/logo\/image\/"},"sameAs":["https:\/\/www.linkedin.com\/company\/acquinox\/"]}]}},"_links":{"self":[{"href":"https:\/\/acquinoxadvisors.com\/de\/wp-json\/wp\/v2\/pages\/1535","targetHints":{"allow":["GET"]}}],"collection":[{"href":"https:\/\/acquinoxadvisors.com\/de\/wp-json\/wp\/v2\/pages"}],"about":[{"href":"https:\/\/acquinoxadvisors.com\/de\/wp-json\/wp\/v2\/types\/page"}],"author":[{"embeddable":true,"href":"https:\/\/acquinoxadvisors.com\/de\/wp-json\/wp\/v2\/users\/2"}],"replies":[{"embeddable":true,"href":"https:\/\/acquinoxadvisors.com\/de\/wp-json\/wp\/v2\/comments?post=1535"}],"version-history":[{"count":10,"href":"https:\/\/acquinoxadvisors.com\/de\/wp-json\/wp\/v2\/pages\/1535\/revisions"}],"predecessor-version":[{"id":1927,"href":"https:\/\/acquinoxadvisors.com\/de\/wp-json\/wp\/v2\/pages\/1535\/revisions\/1927"}],"wp:attachment":[{"href":"https:\/\/acquinoxadvisors.com\/de\/wp-json\/wp\/v2\/media?parent=1535"}],"curies":[{"name":"wp","href":"https:\/\/api.w.org\/{rel}","templated":true}]}}