{"id":1007,"date":"2023-07-24T13:33:51","date_gmt":"2023-07-24T13:33:51","guid":{"rendered":"https:\/\/acquinoxadvisors.com\/?page_id=1007"},"modified":"2024-02-29T07:57:41","modified_gmt":"2024-02-29T07:57:41","slug":"terms-and-conditions-de","status":"publish","type":"page","link":"https:\/\/acquinoxadvisors.com\/de\/terms-and-conditions-de\/","title":{"rendered":"Bedingungen und Konditionen"},"content":{"rendered":"\n<p>Willkommen auf der Website der Acquinox Advisors AG (&#8222;Acquinox&#8220;). Durch den Zugriff auf unsere Website oder deren Nutzung erkl\u00e4ren Sie sich mit den folgenden Bedingungen einverstanden. Diese Allgemeinen Gesch\u00e4ftsbedingungen regeln die Nutzung der Acqiunox-Website, einschliesslich aller angebotenen Inhalte, Funktionen und Dienstleistungen.<\/p>\n\n\n\n<h4 class=\"wp-block-heading\">1. Akzeptanz der Bedingungen<\/h4>\n\n\n\n<p>Mit dem Zugriff auf die Acquinox-Website erkl\u00e4ren Sie sich mit den vorliegenden Bedingungen einverstanden. Wenn Sie mit diesen Bedingungen nicht einverstanden sind, sehen Sie bitte von der Nutzung unserer Website ab.<\/p>\n\n\n\n<h4 class=\"wp-block-heading\">2. Nutzung der Website<\/h4>\n\n\n\n<p>Sie k\u00f6nnen die Acquinox-Website zu Informationszwecken nutzen, um mehr \u00fcber unsere Dienstleistungen zu erfahren. Sie verpflichten sich, die Website nicht f\u00fcr ungesetzliche oder unbefugte Zwecke zu nutzen. (b) Sie sind allein f\u00fcr die Wahrung der Vertraulichkeit von Anmeldedaten oder Kontoinformationen im Zusammenhang mit der Website verantwortlich. (c) Acquinox beh\u00e4lt sich das Recht vor, die Website oder Teile davon ohne vorherige Ank\u00fcndigung oder Haftung zu \u00e4ndern, auszusetzen oder zu beenden.<\/p>\n\n\n\n<h4 class=\"wp-block-heading\">3. Geistiges Eigentum<\/h4>\n\n\n\n<p>(a) Der Inhalt der Acquinox-Website, einschlie\u00dflich, aber nicht beschr\u00e4nkt auf Texte, Grafiken, Logos, Bilder, Videos und Software, ist durch Gesetze zum Schutz des geistigen Eigentums gesch\u00fctzt und ist Eigentum von Acquinox oder seinen Lizenzgebern. (b) Es ist nicht gestattet, Inhalte der Website ohne vorherige schriftliche Genehmigung von Acquinox zu ver\u00e4ndern, zu vervielf\u00e4ltigen, zu verbreiten, zu \u00fcbertragen, auszustellen, vorzuf\u00fchren, zu ver\u00f6ffentlichen, zu lizenzieren, davon abgeleitete Werke zu erstellen oder zu verkaufen.<\/p>\n\n\n\n<h4 class=\"wp-block-heading\">4. Links von Drittanbietern<\/h4>\n\n\n\n<p>Die Acquinox-Website kann Links zu Websites Dritter enthalten, die nicht im Eigentum oder unter der Kontrolle von Acquinox stehen. Wir \u00fcbernehmen keine Verantwortung f\u00fcr den Inhalt, die Datenschutzrichtlinien oder die Praktiken dieser Websites Dritter. Sie erkennen an und erkl\u00e4ren sich damit einverstanden, dass Acquinox weder direkt noch indirekt f\u00fcr Sch\u00e4den oder Verluste haftet, die durch oder in Verbindung mit der Nutzung von oder dem Vertrauen auf solche Inhalte, Waren oder Dienstleistungen, die auf oder \u00fcber Websites Dritter verf\u00fcgbar sind, verursacht wurden oder angeblich verursacht wurden.<\/p>\n\n\n\n<h4 class=\"wp-block-heading\">5. Ausschluss von Garantien<\/h4>\n\n\n\n<p>Die Acquinox-Website wird ohne jegliche ausdr\u00fcckliche oder stillschweigende Gew\u00e4hrleistungen zur Verf\u00fcgung gestellt. (b) Acqiunox garantiert nicht, dass die Website ununterbrochen, fehlerfrei oder frei von Viren oder anderen sch\u00e4dlichen Komponenten ist. Sie sind sich dar\u00fcber im Klaren und erkl\u00e4ren sich damit einverstanden, dass alle Inhalte, die Sie \u00fcber die Website herunterladen oder erhalten, auf Ihr eigenes Risiko erfolgen und Sie allein f\u00fcr Sch\u00e4den an Ihrem Computersystem oder Datenverluste verantwortlich sind, die sich aus dem Herunterladen solcher Inhalte ergeben.<\/p>\n\n\n\n<h4 class=\"wp-block-heading\">6. Begrenzung der Haftung<\/h4>\n\n\n\n<p>Acquinox und die mit ihr verbundenen Unternehmen, F\u00fchrungskr\u00e4fte, Direktoren, Mitarbeiter, Vertreter, Partner und Lizenzgeber haften nicht f\u00fcr indirekte, zuf\u00e4llige, besondere oder Folgesch\u00e4den, einschlie\u00dflich, aber nicht beschr\u00e4nkt auf Gewinn-, Daten-, Nutzungs-, Goodwill-Verluste oder andere immaterielle Verluste, die sich aus dem Zugriff auf die Website oder deren Nutzung oder der Unm\u00f6glichkeit des Zugriffs auf die Website ergeben. (b) Die Gesamthaftung von Acquinox, ob aus Vertrag, Garantie, unerlaubter Handlung (einschlie\u00dflich Fahrl\u00e4ssigkeit) oder anderweitig, \u00fcbersteigt nicht den Betrag, den Sie gegebenenfalls f\u00fcr den Zugriff auf die Website bezahlt haben.<\/p>\n\n\n\n<h4 class=\"wp-block-heading\">7. Geltendes Recht und Gerichtsstand<\/h4>\n\n\n\n<p>Die Allgemeinen Gesch\u00e4ftsbedingungen unterliegen den Gesetzen von Schweiz und sind entsprechend auszulegen, ungeachtet der Bestimmungen des Kollisionsrechts. Jegliche Klagen oder Verfahren, die sich aus oder im Zusammenhang mit diesen Allgemeinen Gesch\u00e4ftsbedingungen oder Ihrer Nutzung der Acquinox-Website ergeben, werden ausschlie\u00dflich vor den Gerichten der Schweiz verhandelt, und Sie erkl\u00e4ren sich mit der pers\u00f6nlichen Zust\u00e4ndigkeit dieser Gerichte einverstanden.<\/p>\n\n\n\n<h4 class=\"wp-block-heading\">8. \u00c4nderungen der Bedingungen und Konditionen<\/h4>\n\n\n\n<p>Acquinox beh\u00e4lt sich das Recht vor, diese Allgemeinen Gesch\u00e4ftsbedingungen jederzeit und ohne vorherige Ank\u00fcndigung zu aktualisieren oder zu \u00e4ndern. Indem Sie die Acquinox-Website nach solchen \u00c4nderungen weiterhin nutzen, erkl\u00e4ren Sie sich mit den aktualisierten oder ge\u00e4nderten Bedingungen und Konditionen einverstanden.<\/p>\n\n\n\n<h4 class=\"wp-block-heading\">Kontakt<\/h4>\n\n\n\n<p>Wenn Sie Fragen oder Bedenken bez\u00fcglich dieser Allgemeinen Gesch\u00e4ftsbedingungen haben, kontaktieren Sie uns bitte unter <a href=\"mailto:info@acquinox.ch\"><strong>info@acquinox.ch<\/strong><\/a><\/p>\n","protected":false},"excerpt":{"rendered":"<p>Willkommen auf der Website der Acquinox Advisors AG (&#8222;Acquinox&#8220;). Durch den Zugriff auf unsere Website oder deren Nutzung&#8230;<\/p>\n","protected":false},"author":2,"featured_media":0,"parent":0,"menu_order":0,"comment_status":"closed","ping_status":"closed","template":"tmplt-text-page.php","meta":{"_acf_changed":false,"_themeisle_gutenberg_block_has_review":false,"footnotes":""},"class_list":["post-1007","page","type-page","status-publish","hentry"],"acf":[],"yoast_head":"<!-- This site is optimized with the Yoast SEO Premium plugin v26.3 (Yoast SEO v26.3) - https:\/\/yoast.com\/wordpress\/plugins\/seo\/ -->\n<title>Acquinox Advisors AG: Offizielle Bedingungen und Konditionen<\/title>\n<meta name=\"description\" content=\"Entdecken Sie die Bedingungen der Acquinox Advisors AG: Ihre Rechte und Pflichten bei der Website-Nutzung, IP-Rechte, Haftungsausschl\u00fcsse und mehr.\" \/>\n<meta name=\"robots\" content=\"index, follow, max-snippet:-1, max-image-preview:large, max-video-preview:-1\" \/>\n<link rel=\"canonical\" href=\"https:\/\/acquinoxadvisors.com\/de\/terms-and-conditions-de\/\" \/>\n<meta property=\"og:locale\" content=\"de_DE\" \/>\n<meta property=\"og:type\" content=\"article\" \/>\n<meta property=\"og:title\" content=\"Bedingungen und Konditionen\" \/>\n<meta property=\"og:description\" content=\"Entdecken Sie die Bedingungen der Acquinox Advisors AG: Ihre Rechte und Pflichten bei der Website-Nutzung, IP-Rechte, Haftungsausschl\u00fcsse und mehr.\" \/>\n<meta property=\"og:url\" content=\"https:\/\/acquinoxadvisors.com\/de\/terms-and-conditions-de\/\" \/>\n<meta property=\"og:site_name\" content=\"Acquinox\" \/>\n<meta property=\"article:modified_time\" content=\"2024-02-29T07:57:41+00:00\" \/>\n<meta property=\"og:image\" content=\"https:\/\/acquinoxadvisors.com\/wp-content\/uploads\/2023\/06\/Image.webp\" \/>\n\t<meta property=\"og:image:width\" content=\"784\" \/>\n\t<meta property=\"og:image:height\" content=\"522\" \/>\n\t<meta property=\"og:image:type\" content=\"image\/jpeg\" \/>\n<meta name=\"twitter:card\" content=\"summary_large_image\" \/>\n<meta name=\"twitter:label1\" content=\"Gesch\u00e4tzte Lesezeit\" \/>\n\t<meta name=\"twitter:data1\" content=\"3\u00a0Minuten\" \/>\n<script type=\"application\/ld+json\" class=\"yoast-schema-graph\">{\"@context\":\"https:\/\/schema.org\",\"@graph\":[{\"@type\":\"WebPage\",\"@id\":\"https:\/\/acquinoxadvisors.com\/de\/terms-and-conditions-de\/\",\"url\":\"https:\/\/acquinoxadvisors.com\/de\/terms-and-conditions-de\/\",\"name\":\"Acquinox Advisors AG: Offizielle Bedingungen und Konditionen\",\"isPartOf\":{\"@id\":\"https:\/\/acquinoxadvisors.com\/de\/#website\"},\"datePublished\":\"2023-07-24T13:33:51+00:00\",\"dateModified\":\"2024-02-29T07:57:41+00:00\",\"description\":\"Entdecken Sie die Bedingungen der Acquinox Advisors AG: Ihre Rechte und Pflichten bei der Website-Nutzung, IP-Rechte, Haftungsausschl\u00fcsse und mehr.\",\"breadcrumb\":{\"@id\":\"https:\/\/acquinoxadvisors.com\/de\/terms-and-conditions-de\/#breadcrumb\"},\"inLanguage\":\"de\",\"potentialAction\":[{\"@type\":\"ReadAction\",\"target\":[\"https:\/\/acquinoxadvisors.com\/de\/terms-and-conditions-de\/\"]}]},{\"@type\":\"BreadcrumbList\",\"@id\":\"https:\/\/acquinoxadvisors.com\/de\/terms-and-conditions-de\/#breadcrumb\",\"itemListElement\":[{\"@type\":\"ListItem\",\"position\":1,\"name\":\"Home\",\"item\":\"https:\/\/acquinoxadvisors.com\/de\/\"},{\"@type\":\"ListItem\",\"position\":2,\"name\":\"Bedingungen und Konditionen\"}]},{\"@type\":\"WebSite\",\"@id\":\"https:\/\/acquinoxadvisors.com\/de\/#website\",\"url\":\"https:\/\/acquinoxadvisors.com\/de\/\",\"name\":\"Acquinox Advisors\",\"description\":\"Empowering your growth with Acquinox Advisors\",\"publisher\":{\"@id\":\"https:\/\/acquinoxadvisors.com\/de\/#organization\"},\"potentialAction\":[{\"@type\":\"SearchAction\",\"target\":{\"@type\":\"EntryPoint\",\"urlTemplate\":\"https:\/\/acquinoxadvisors.com\/de\/?s={search_term_string}\"},\"query-input\":{\"@type\":\"PropertyValueSpecification\",\"valueRequired\":true,\"valueName\":\"search_term_string\"}}],\"inLanguage\":\"de\"},{\"@type\":\"Organization\",\"@id\":\"https:\/\/acquinoxadvisors.com\/de\/#organization\",\"name\":\"Acquinox Advisors AG\",\"url\":\"https:\/\/acquinoxadvisors.com\/de\/\",\"logo\":{\"@type\":\"ImageObject\",\"inLanguage\":\"de\",\"@id\":\"https:\/\/acquinoxadvisors.com\/de\/#\/schema\/logo\/image\/\",\"url\":\"https:\/\/acquinoxadvisors.com\/wp-content\/uploads\/2023\/06\/Acquinox-Logo-01-1-1.webp\",\"contentUrl\":\"https:\/\/acquinoxadvisors.com\/wp-content\/uploads\/2023\/06\/Acquinox-Logo-01-1-1.webp\",\"width\":706,\"height\":160,\"caption\":\"Acquinox Advisors AG\"},\"image\":{\"@id\":\"https:\/\/acquinoxadvisors.com\/de\/#\/schema\/logo\/image\/\"},\"sameAs\":[\"https:\/\/www.linkedin.com\/company\/acquinox\/\"]}]}<\/script>\n<!-- \/ Yoast SEO Premium plugin. -->","yoast_head_json":{"title":"Acquinox Advisors AG: Offizielle Bedingungen und Konditionen","description":"Entdecken Sie die Bedingungen der Acquinox Advisors AG: Ihre Rechte und Pflichten bei der Website-Nutzung, IP-Rechte, Haftungsausschl\u00fcsse und mehr.","robots":{"index":"index","follow":"follow","max-snippet":"max-snippet:-1","max-image-preview":"max-image-preview:large","max-video-preview":"max-video-preview:-1"},"canonical":"https:\/\/acquinoxadvisors.com\/de\/terms-and-conditions-de\/","og_locale":"de_DE","og_type":"article","og_title":"Bedingungen und Konditionen","og_description":"Entdecken Sie die Bedingungen der Acquinox Advisors AG: Ihre Rechte und Pflichten bei der Website-Nutzung, IP-Rechte, Haftungsausschl\u00fcsse und mehr.","og_url":"https:\/\/acquinoxadvisors.com\/de\/terms-and-conditions-de\/","og_site_name":"Acquinox","article_modified_time":"2024-02-29T07:57:41+00:00","og_image":[{"width":784,"height":522,"url":"https:\/\/acquinoxadvisors.com\/wp-content\/uploads\/2023\/06\/Image.webp","type":"image\/jpeg"}],"twitter_card":"summary_large_image","twitter_misc":{"Gesch\u00e4tzte Lesezeit":"3\u00a0Minuten"},"schema":{"@context":"https:\/\/schema.org","@graph":[{"@type":"WebPage","@id":"https:\/\/acquinoxadvisors.com\/de\/terms-and-conditions-de\/","url":"https:\/\/acquinoxadvisors.com\/de\/terms-and-conditions-de\/","name":"Acquinox Advisors AG: Offizielle Bedingungen und Konditionen","isPartOf":{"@id":"https:\/\/acquinoxadvisors.com\/de\/#website"},"datePublished":"2023-07-24T13:33:51+00:00","dateModified":"2024-02-29T07:57:41+00:00","description":"Entdecken Sie die Bedingungen der Acquinox Advisors AG: Ihre Rechte und Pflichten bei der Website-Nutzung, IP-Rechte, Haftungsausschl\u00fcsse und mehr.","breadcrumb":{"@id":"https:\/\/acquinoxadvisors.com\/de\/terms-and-conditions-de\/#breadcrumb"},"inLanguage":"de","potentialAction":[{"@type":"ReadAction","target":["https:\/\/acquinoxadvisors.com\/de\/terms-and-conditions-de\/"]}]},{"@type":"BreadcrumbList","@id":"https:\/\/acquinoxadvisors.com\/de\/terms-and-conditions-de\/#breadcrumb","itemListElement":[{"@type":"ListItem","position":1,"name":"Home","item":"https:\/\/acquinoxadvisors.com\/de\/"},{"@type":"ListItem","position":2,"name":"Bedingungen und Konditionen"}]},{"@type":"WebSite","@id":"https:\/\/acquinoxadvisors.com\/de\/#website","url":"https:\/\/acquinoxadvisors.com\/de\/","name":"Acquinox Advisors","description":"Empowering your growth with Acquinox Advisors","publisher":{"@id":"https:\/\/acquinoxadvisors.com\/de\/#organization"},"potentialAction":[{"@type":"SearchAction","target":{"@type":"EntryPoint","urlTemplate":"https:\/\/acquinoxadvisors.com\/de\/?s={search_term_string}"},"query-input":{"@type":"PropertyValueSpecification","valueRequired":true,"valueName":"search_term_string"}}],"inLanguage":"de"},{"@type":"Organization","@id":"https:\/\/acquinoxadvisors.com\/de\/#organization","name":"Acquinox Advisors AG","url":"https:\/\/acquinoxadvisors.com\/de\/","logo":{"@type":"ImageObject","inLanguage":"de","@id":"https:\/\/acquinoxadvisors.com\/de\/#\/schema\/logo\/image\/","url":"https:\/\/acquinoxadvisors.com\/wp-content\/uploads\/2023\/06\/Acquinox-Logo-01-1-1.webp","contentUrl":"https:\/\/acquinoxadvisors.com\/wp-content\/uploads\/2023\/06\/Acquinox-Logo-01-1-1.webp","width":706,"height":160,"caption":"Acquinox Advisors AG"},"image":{"@id":"https:\/\/acquinoxadvisors.com\/de\/#\/schema\/logo\/image\/"},"sameAs":["https:\/\/www.linkedin.com\/company\/acquinox\/"]}]}},"_links":{"self":[{"href":"https:\/\/acquinoxadvisors.com\/de\/wp-json\/wp\/v2\/pages\/1007","targetHints":{"allow":["GET"]}}],"collection":[{"href":"https:\/\/acquinoxadvisors.com\/de\/wp-json\/wp\/v2\/pages"}],"about":[{"href":"https:\/\/acquinoxadvisors.com\/de\/wp-json\/wp\/v2\/types\/page"}],"author":[{"embeddable":true,"href":"https:\/\/acquinoxadvisors.com\/de\/wp-json\/wp\/v2\/users\/2"}],"replies":[{"embeddable":true,"href":"https:\/\/acquinoxadvisors.com\/de\/wp-json\/wp\/v2\/comments?post=1007"}],"version-history":[{"count":6,"href":"https:\/\/acquinoxadvisors.com\/de\/wp-json\/wp\/v2\/pages\/1007\/revisions"}],"predecessor-version":[{"id":1756,"href":"https:\/\/acquinoxadvisors.com\/de\/wp-json\/wp\/v2\/pages\/1007\/revisions\/1756"}],"wp:attachment":[{"href":"https:\/\/acquinoxadvisors.com\/de\/wp-json\/wp\/v2\/media?parent=1007"}],"curies":[{"name":"wp","href":"https:\/\/api.w.org\/{rel}","templated":true}]}}