{"id":1003,"date":"2023-07-24T13:32:24","date_gmt":"2023-07-24T13:32:24","guid":{"rendered":"https:\/\/acquinoxadvisors.com\/?page_id=1003"},"modified":"2024-02-28T11:31:38","modified_gmt":"2024-02-28T11:31:38","slug":"cookie-policy","status":"publish","type":"page","link":"https:\/\/acquinoxadvisors.com\/de\/cookie-policy\/","title":{"rendered":"Cookie-Richtlinie"},"content":{"rendered":"\n<p>Diese Cookie-Richtlinie erkl\u00e4rt, wie Acquinox Advisors AG (&#8222;Acquinox&#8220;, &#8222;wir&#8220; oder &#8222;unser&#8220;) Cookies und \u00e4hnliche Technologien verwendet, wenn Sie unsere Website besuchen. Wenn Sie auf unsere Website zugreifen oder sie nutzen, erkl\u00e4ren Sie sich mit der Verwendung von Cookies, wie in dieser Richtlinie beschrieben, einverstanden.<\/p>\n\n\n\n<h4 class=\"wp-block-heading\">1. Was sind Cookies?<\/h4>\n\n\n\n<p>Cookies sind kleine Textdateien, die auf Ihrem Computer oder Ger\u00e4t gespeichert werden, wenn Sie eine Website besuchen. Sie werden h\u00e4ufig verwendet, um Websites effizienter zu gestalten und das Surfen zu erleichtern. Cookies erm\u00f6glichen es den Betreibern von Websites auch, bestimmte Informationen \u00fcber ihre Besucher zu sammeln.<\/p>\n\n\n\n<h4 class=\"wp-block-heading\">2. Arten von Cookies, die wir verwenden<\/h4>\n\n\n\n<ul class=\"wp-block-list\">\n<li>(a) Erforderliche Cookies: Diese Cookies sind f\u00fcr das ordnungsgem\u00e4\u00dfe Funktionieren unserer Website unerl\u00e4sslich. Sie erm\u00f6glichen es Ihnen, auf unserer Website zu navigieren und ihre Funktionen zu nutzen, z. B. den Zugang zu sicheren Bereichen. Ohne diese Cookies stehen Ihnen bestimmte Dienste m\u00f6glicherweise nicht zur Verf\u00fcgung.<\/li>\n\n\n\n<li>(b) Analyse-Cookies: Wir verwenden Analyse-Cookies, um Informationen dar\u00fcber zu sammeln, wie Besucher mit unserer Website interagieren. Dies hilft uns, den Website-Verkehr zu analysieren, Trends zu erkennen und die Leistung und Funktionalit\u00e4t unserer Website zu verbessern. Die gesammelten Informationen sind aggregiert und anonym.<\/li>\n\n\n\n<li>(c) Marketing-Cookies: Marketing-Cookies werden verwendet, um Besucher auf verschiedenen Websites zu verfolgen. Sie werden verwendet, um relevante Werbung anzuzeigen und die Wirksamkeit von Marketingkampagnen zu messen. Diese Cookies k\u00f6nnen von unseren Werbepartnern gesetzt werden.<\/li>\n\n\n\n<li>Cookies von Drittanbietern: Wir k\u00f6nnen auch Cookies von Drittanbietern f\u00fcr verschiedene Zwecke verwenden, einschlie\u00dflich Analyse und Werbung. Diese Drittanbieter haben ihre eigenen Datenschutzrichtlinien und k\u00f6nnen Cookies verwenden, um Informationen \u00fcber Ihre Aktivit\u00e4ten auf unserer Website und anderen von Ihnen besuchten Websites zu sammeln.<\/li>\n<\/ul>\n\n\n\n<h4 class=\"wp-block-heading\">3. Cookie-Verwaltung<\/h4>\n\n\n\n<p>(a) Der Inhalt der Acquinox-Website, einschlie\u00dflich, aber nicht beschr\u00e4nkt auf Texte, Grafiken, Logos, Bilder, Videos und Software, ist durch Gesetze zum Schutz des geistigen Eigentums gesch\u00fctzt und ist Eigentum von Acquinox oder seinen Lizenzgebern. (b) Es ist nicht gestattet, Inhalte der Website ohne vorherige schriftliche Genehmigung von Acquinox zu ver\u00e4ndern, zu vervielf\u00e4ltigen, zu verbreiten, zu \u00fcbertragen, auszustellen, vorzuf\u00fchren, zu ver\u00f6ffentlichen, zu lizenzieren, davon abgeleitete Werke zu erstellen oder zu verkaufen.<\/p>\n\n\n\n<h4 class=\"wp-block-heading\">4. Links von Drittanbietern<\/h4>\n\n\n\n<p>Wir k\u00f6nnen auch Cookies verwenden, die von Dritten f\u00fcr verschiedene Zwecke bereitgestellt werden, einschlie\u00dflich Analytik und Werbung. Diese Drittanbieter haben ihre eigenen Datenschutzrichtlinien und k\u00f6nnen Cookies verwenden, um Informationen \u00fcber Ihre Aktivit\u00e4ten auf unserer Website und anderen von Ihnen besuchten Websites zu sammeln.<\/p>\n\n\n\n<h4 class=\"wp-block-heading\">5. Cookie-Verwaltung<\/h4>\n\n\n\n<ul class=\"wp-block-list\">\n<li>(a) Cookie-Zustimmung: Durch die Nutzung unserer Website erkl\u00e4ren Sie sich mit der Platzierung von Cookies auf Ihrem Ger\u00e4t, wie in dieser Richtlinie beschrieben, einverstanden. Sie k\u00f6nnen Ihre Zustimmung widerrufen oder Ihre Cookie-Pr\u00e4ferenzen verwalten, indem Sie Ihre Browsereinstellungen anpassen. Bitte beachten Sie, dass die Deaktivierung bestimmter Cookies die Funktionalit\u00e4t und Leistung unserer Website beeintr\u00e4chtigen kann.<\/li>\n\n\n\n<li>(b) Browser-Einstellungen: Die meisten Webbrowser erlauben es Ihnen, Cookies \u00fcber ihre Einstellungen zu kontrollieren. Sie finden diese Einstellungen normalerweise im Men\u00fc &#8222;Optionen&#8220; oder &#8222;Einstellungen&#8220; Ihres Browsers. Jeder Browser kann leicht unterschiedliche Cookie-Einstellungen haben. Weitere Informationen finden Sie in der Hilfedokumentation Ihres Browsers.<\/li>\n<\/ul>\n\n\n\n<h4 class=\"wp-block-heading\">6. (c) Opt-Out-Tools<\/h4>\n\n\n\n<p>Einige Drittanbieter-Werbenetzwerke und digitale Werbeunternehmen bieten Opt-out-Tools an, mit denen Sie gezielte Werbung ablehnen k\u00f6nnen. Sie k\u00f6nnen die Websites dieser Organisationen besuchen, um mehr \u00fcber deren Opt-out-Tools zu erfahren.<\/p>\n\n\n\n<p><\/p>\n\n\n\n<ol class=\"wp-block-list\">\n<li>Datenschutz und Privatsph\u00e4re Wir verpflichten uns zum Schutz Ihrer pers\u00f6nlichen Daten und Ihrer Privatsph\u00e4re. Alle durch Cookies gesammelten pers\u00f6nlichen Daten werden in \u00dcbereinstimmung mit unserer Datenschutzrichtlinie verarbeitet.<\/li>\n\n\n\n<li>\u00c4nderungen an dieser Cookie-Richtlinie Wir k\u00f6nnen diese Cookie-Richtlinie von Zeit zu Zeit aktualisieren, um \u00c4nderungen in unserer Verwendung von Cookies oder geltenden Gesetzen und Vorschriften zu ber\u00fccksichtigen. Wir empfehlen Ihnen, diese Richtlinie in regelm\u00e4\u00dfigen Abst\u00e4nden auf Aktualisierungen zu \u00fcberpr\u00fcfen.<\/li>\n\n\n\n<li>Kontaktieren Sie uns Wenn Sie Fragen oder Bedenken bez\u00fcglich unserer Cookie-Richtlinie haben, kontaktieren Sie uns bitte unter <strong>   <\/strong><a href=\"mailto:info@acquinox.ch\"><strong>info@acquinox.ch<\/strong><\/a>\u00a0<\/li>\n<\/ol>\n","protected":false},"excerpt":{"rendered":"<p>Diese Cookie-Richtlinie erkl\u00e4rt, wie Acquinox Advisors AG (&#8222;Acquinox&#8220;, &#8222;wir&#8220; oder &#8222;unser&#8220;) Cookies und \u00e4hnliche Technologien verwendet, wenn Sie&#8230;<\/p>\n","protected":false},"author":2,"featured_media":0,"parent":0,"menu_order":0,"comment_status":"closed","ping_status":"closed","template":"tmplt-text-page.php","meta":{"_acf_changed":false,"_themeisle_gutenberg_block_has_review":false,"footnotes":""},"class_list":["post-1003","page","type-page","status-publish","hentry"],"acf":[],"yoast_head":"<!-- This site is optimized with the Yoast SEO Premium plugin v26.3 (Yoast SEO v26.3) - https:\/\/yoast.com\/wordpress\/plugins\/seo\/ -->\n<title>Cookie-Richtlinie - Acquinox<\/title>\n<meta name=\"description\" content=\"Alles, was Sie \u00fcber unsere Cookie-Richtlinie wissen m\u00fcssen. Erfahren Sie, wie wir Cookies verwenden, um Ihre Erfahrung zu verbessern.\" \/>\n<meta name=\"robots\" content=\"index, follow, max-snippet:-1, max-image-preview:large, max-video-preview:-1\" \/>\n<link rel=\"canonical\" href=\"https:\/\/acquinoxadvisors.com\/de\/cookie-policy\/\" \/>\n<meta property=\"og:locale\" content=\"de_DE\" \/>\n<meta property=\"og:type\" content=\"article\" \/>\n<meta property=\"og:title\" content=\"Cookie-Richtlinie\" \/>\n<meta property=\"og:description\" content=\"Alles, was Sie \u00fcber unsere Cookie-Richtlinie wissen m\u00fcssen. Erfahren Sie, wie wir Cookies verwenden, um Ihre Erfahrung zu verbessern.\" \/>\n<meta property=\"og:url\" content=\"https:\/\/acquinoxadvisors.com\/de\/cookie-policy\/\" \/>\n<meta property=\"og:site_name\" content=\"Acquinox\" \/>\n<meta property=\"article:modified_time\" content=\"2024-02-28T11:31:38+00:00\" \/>\n<meta property=\"og:image\" content=\"https:\/\/acquinoxadvisors.com\/wp-content\/uploads\/2023\/06\/Image.webp\" \/>\n\t<meta property=\"og:image:width\" content=\"784\" \/>\n\t<meta property=\"og:image:height\" content=\"522\" \/>\n\t<meta property=\"og:image:type\" content=\"image\/jpeg\" \/>\n<meta name=\"twitter:card\" content=\"summary_large_image\" \/>\n<meta name=\"twitter:label1\" content=\"Gesch\u00e4tzte Lesezeit\" \/>\n\t<meta name=\"twitter:data1\" content=\"3\u00a0Minuten\" \/>\n<script type=\"application\/ld+json\" class=\"yoast-schema-graph\">{\"@context\":\"https:\/\/schema.org\",\"@graph\":[{\"@type\":\"WebPage\",\"@id\":\"https:\/\/acquinoxadvisors.com\/de\/cookie-policy\/\",\"url\":\"https:\/\/acquinoxadvisors.com\/de\/cookie-policy\/\",\"name\":\"Cookie-Richtlinie - Acquinox\",\"isPartOf\":{\"@id\":\"https:\/\/acquinoxadvisors.com\/de\/#website\"},\"datePublished\":\"2023-07-24T13:32:24+00:00\",\"dateModified\":\"2024-02-28T11:31:38+00:00\",\"description\":\"Alles, was Sie \u00fcber unsere Cookie-Richtlinie wissen m\u00fcssen. Erfahren Sie, wie wir Cookies verwenden, um Ihre Erfahrung zu verbessern.\",\"breadcrumb\":{\"@id\":\"https:\/\/acquinoxadvisors.com\/de\/cookie-policy\/#breadcrumb\"},\"inLanguage\":\"de\",\"potentialAction\":[{\"@type\":\"ReadAction\",\"target\":[\"https:\/\/acquinoxadvisors.com\/de\/cookie-policy\/\"]}]},{\"@type\":\"BreadcrumbList\",\"@id\":\"https:\/\/acquinoxadvisors.com\/de\/cookie-policy\/#breadcrumb\",\"itemListElement\":[{\"@type\":\"ListItem\",\"position\":1,\"name\":\"Home\",\"item\":\"https:\/\/acquinoxadvisors.com\/de\/\"},{\"@type\":\"ListItem\",\"position\":2,\"name\":\"Cookie-Richtlinie\"}]},{\"@type\":\"WebSite\",\"@id\":\"https:\/\/acquinoxadvisors.com\/de\/#website\",\"url\":\"https:\/\/acquinoxadvisors.com\/de\/\",\"name\":\"Acquinox Advisors\",\"description\":\"Empowering your growth with Acquinox Advisors\",\"publisher\":{\"@id\":\"https:\/\/acquinoxadvisors.com\/de\/#organization\"},\"potentialAction\":[{\"@type\":\"SearchAction\",\"target\":{\"@type\":\"EntryPoint\",\"urlTemplate\":\"https:\/\/acquinoxadvisors.com\/de\/?s={search_term_string}\"},\"query-input\":{\"@type\":\"PropertyValueSpecification\",\"valueRequired\":true,\"valueName\":\"search_term_string\"}}],\"inLanguage\":\"de\"},{\"@type\":\"Organization\",\"@id\":\"https:\/\/acquinoxadvisors.com\/de\/#organization\",\"name\":\"Acquinox Advisors AG\",\"url\":\"https:\/\/acquinoxadvisors.com\/de\/\",\"logo\":{\"@type\":\"ImageObject\",\"inLanguage\":\"de\",\"@id\":\"https:\/\/acquinoxadvisors.com\/de\/#\/schema\/logo\/image\/\",\"url\":\"https:\/\/acquinoxadvisors.com\/wp-content\/uploads\/2023\/06\/Acquinox-Logo-01-1-1.webp\",\"contentUrl\":\"https:\/\/acquinoxadvisors.com\/wp-content\/uploads\/2023\/06\/Acquinox-Logo-01-1-1.webp\",\"width\":706,\"height\":160,\"caption\":\"Acquinox Advisors AG\"},\"image\":{\"@id\":\"https:\/\/acquinoxadvisors.com\/de\/#\/schema\/logo\/image\/\"},\"sameAs\":[\"https:\/\/www.linkedin.com\/company\/acquinox\/\"]}]}<\/script>\n<!-- \/ Yoast SEO Premium plugin. -->","yoast_head_json":{"title":"Cookie-Richtlinie - Acquinox","description":"Alles, was Sie \u00fcber unsere Cookie-Richtlinie wissen m\u00fcssen. Erfahren Sie, wie wir Cookies verwenden, um Ihre Erfahrung zu verbessern.","robots":{"index":"index","follow":"follow","max-snippet":"max-snippet:-1","max-image-preview":"max-image-preview:large","max-video-preview":"max-video-preview:-1"},"canonical":"https:\/\/acquinoxadvisors.com\/de\/cookie-policy\/","og_locale":"de_DE","og_type":"article","og_title":"Cookie-Richtlinie","og_description":"Alles, was Sie \u00fcber unsere Cookie-Richtlinie wissen m\u00fcssen. Erfahren Sie, wie wir Cookies verwenden, um Ihre Erfahrung zu verbessern.","og_url":"https:\/\/acquinoxadvisors.com\/de\/cookie-policy\/","og_site_name":"Acquinox","article_modified_time":"2024-02-28T11:31:38+00:00","og_image":[{"width":784,"height":522,"url":"https:\/\/acquinoxadvisors.com\/wp-content\/uploads\/2023\/06\/Image.webp","type":"image\/jpeg"}],"twitter_card":"summary_large_image","twitter_misc":{"Gesch\u00e4tzte Lesezeit":"3\u00a0Minuten"},"schema":{"@context":"https:\/\/schema.org","@graph":[{"@type":"WebPage","@id":"https:\/\/acquinoxadvisors.com\/de\/cookie-policy\/","url":"https:\/\/acquinoxadvisors.com\/de\/cookie-policy\/","name":"Cookie-Richtlinie - Acquinox","isPartOf":{"@id":"https:\/\/acquinoxadvisors.com\/de\/#website"},"datePublished":"2023-07-24T13:32:24+00:00","dateModified":"2024-02-28T11:31:38+00:00","description":"Alles, was Sie \u00fcber unsere Cookie-Richtlinie wissen m\u00fcssen. Erfahren Sie, wie wir Cookies verwenden, um Ihre Erfahrung zu verbessern.","breadcrumb":{"@id":"https:\/\/acquinoxadvisors.com\/de\/cookie-policy\/#breadcrumb"},"inLanguage":"de","potentialAction":[{"@type":"ReadAction","target":["https:\/\/acquinoxadvisors.com\/de\/cookie-policy\/"]}]},{"@type":"BreadcrumbList","@id":"https:\/\/acquinoxadvisors.com\/de\/cookie-policy\/#breadcrumb","itemListElement":[{"@type":"ListItem","position":1,"name":"Home","item":"https:\/\/acquinoxadvisors.com\/de\/"},{"@type":"ListItem","position":2,"name":"Cookie-Richtlinie"}]},{"@type":"WebSite","@id":"https:\/\/acquinoxadvisors.com\/de\/#website","url":"https:\/\/acquinoxadvisors.com\/de\/","name":"Acquinox Advisors","description":"Empowering your growth with Acquinox Advisors","publisher":{"@id":"https:\/\/acquinoxadvisors.com\/de\/#organization"},"potentialAction":[{"@type":"SearchAction","target":{"@type":"EntryPoint","urlTemplate":"https:\/\/acquinoxadvisors.com\/de\/?s={search_term_string}"},"query-input":{"@type":"PropertyValueSpecification","valueRequired":true,"valueName":"search_term_string"}}],"inLanguage":"de"},{"@type":"Organization","@id":"https:\/\/acquinoxadvisors.com\/de\/#organization","name":"Acquinox Advisors AG","url":"https:\/\/acquinoxadvisors.com\/de\/","logo":{"@type":"ImageObject","inLanguage":"de","@id":"https:\/\/acquinoxadvisors.com\/de\/#\/schema\/logo\/image\/","url":"https:\/\/acquinoxadvisors.com\/wp-content\/uploads\/2023\/06\/Acquinox-Logo-01-1-1.webp","contentUrl":"https:\/\/acquinoxadvisors.com\/wp-content\/uploads\/2023\/06\/Acquinox-Logo-01-1-1.webp","width":706,"height":160,"caption":"Acquinox Advisors AG"},"image":{"@id":"https:\/\/acquinoxadvisors.com\/de\/#\/schema\/logo\/image\/"},"sameAs":["https:\/\/www.linkedin.com\/company\/acquinox\/"]}]}},"_links":{"self":[{"href":"https:\/\/acquinoxadvisors.com\/de\/wp-json\/wp\/v2\/pages\/1003","targetHints":{"allow":["GET"]}}],"collection":[{"href":"https:\/\/acquinoxadvisors.com\/de\/wp-json\/wp\/v2\/pages"}],"about":[{"href":"https:\/\/acquinoxadvisors.com\/de\/wp-json\/wp\/v2\/types\/page"}],"author":[{"embeddable":true,"href":"https:\/\/acquinoxadvisors.com\/de\/wp-json\/wp\/v2\/users\/2"}],"replies":[{"embeddable":true,"href":"https:\/\/acquinoxadvisors.com\/de\/wp-json\/wp\/v2\/comments?post=1003"}],"version-history":[{"count":10,"href":"https:\/\/acquinoxadvisors.com\/de\/wp-json\/wp\/v2\/pages\/1003\/revisions"}],"predecessor-version":[{"id":1757,"href":"https:\/\/acquinoxadvisors.com\/de\/wp-json\/wp\/v2\/pages\/1003\/revisions\/1757"}],"wp:attachment":[{"href":"https:\/\/acquinoxadvisors.com\/de\/wp-json\/wp\/v2\/media?parent=1003"}],"curies":[{"name":"wp","href":"https:\/\/api.w.org\/{rel}","templated":true}]}}